{"id":547,"date":"2017-05-08T14:38:42","date_gmt":"2017-05-08T12:38:42","guid":{"rendered":"http:\/\/inmywords.de\/interpreter-translator-myriam-sodjinou"},"modified":"2017-11-14T22:31:54","modified_gmt":"2017-11-14T21:31:54","slug":"interpreter-translator-myriam-sodjinou","status":"publish","type":"page","link":"https:\/\/inmywords.de\/en","title":{"rendered":"Interpreter &#038; Translator Myriam Sodjinou"},"content":{"rendered":"[vc_row center_row=&#8221;&#8221;][vc_column width=&#8221;2\/3&#8243;][vc_column_text]\n<blockquote>\n<p style=\"text-align: center;\">Your message in my words<br \/>\n\u2013 I strike the right chord and ensure smooth communication.<\/p>\n<\/blockquote>\n<p style=\"text-align: center;\">I am <a href=\"https:\/\/inmywords.de\/en\/introducing-myriam-sodjinou\">Myriam Sodjinou<\/a>, freelance interpreter and translator<br \/>\nfor German, English and Spanish, based in Hamburg.<\/p>\n<p style=\"text-align: center;\">I help you to turn language barriers into bridges.<\/p>\n<p style=\"text-align: center;\">Are you planning an event with international guests<br \/>\nand need an interpreter for the welcome speech ?<br \/>\nWould you like to have a press release<br \/>\nor your terms and conditions translated <a href=\"https:\/\/inmywords.de\/en\/language-services-in-german-english-spanish\/translation-of-documents-in-german-english-spanish\">before <\/a>publication?<br \/>\nYour company&#8217;s new image film needs subtitles in various languages<br \/>\nfor your international business partners ?<\/p>\n<p style=\"text-align: center;\">If you are looking for <a href=\"https:\/\/inmywords.de\/en\/language-services-in-german-english-spanish\">professional language services <\/a>in Hamburg,<br \/>\nyou&#8217;re in exactly the right place!<\/p>\n<p style=\"text-align: center;\">As a reliable and skilled professional, I can support and advise you<br \/>\nfrom the planning stages to the performance of your project.<br \/>\nI would be happy to provide you with an <a href=\"https:\/\/inmywords.de\/en\/contact\">individual offer for your project<\/a>.<br \/>\nFind out more about <a href=\"https:\/\/inmywords.de\/en\/introducing-myriam-sodjinou\">me<\/a>, my <a href=\"https:\/\/inmywords.de\/en\/portfolio-references\">work<\/a> and the <a href=\"https:\/\/inmywords.de\/en\/language-services-in-german-english-spanish\">services<\/a> I can offer you on the following pages.<\/p>\n[\/vc_column_text][\/vc_column][vc_column width=&#8221;1\/3&#8243;]<figure class=\"vcex-module vcex-image-swap wpex-block wpex-relative wpex-mx-auto wpex-max-w-100 wpex-overflow-hidden wpex-clr\"><img decoding=\"async\" loading=\"lazy\" class=\"vcex-image-swap-primary wpex-block wpex-relative wpex-z-5 wpex-w-100 wpex-overflow-hidden wpex-transition-opacity wpex-duration-300\" src=\"https:\/\/inmywords.de\/wp-content\/uploads\/2016\/01\/Myriam-Sodjinou.jpg\" alt=\"\" width=\"1024\" height=\"889\" \/><img decoding=\"async\" loading=\"lazy\" class=\"vcex-image-swap-secondary wpex-block wpex-absolute wpex-inset-0 wpex-z-1 wpex-w-100 wpex-overflow-hidden\" src=\"https:\/\/inmywords.de\/wp-content\/uploads\/2016\/01\/InMyWords-Logo-mit-Lautschrift-Startseite.jpg\" alt=\"\" width=\"295\" height=\"237\" \/><\/figure><div class=\"vcex-spacing wpex-w-100 wpex-clear\" style=\"height:30px\"><\/div>[vc_row_inner][vc_column_inner]<div class=\"vcex-module vcex-testimonials-fullslider dark-skin has-controlnav\"><div class=\"wpex-slider slider-pro\" data-fade-arrows=\"false\" data-arrows=\"true\" data-buttons=\"true\" data-loop=\"true\" data-fade=\"true\" data-auto-play-delay=\"9000\" data-animation-speed=\"900\" data-height-animation-duration=\"400\" data-touch-swipe-desktop=\"false\"><div class=\"wpex-slider-slides sp-slides\"><div class=\"wpex-slider-slide sp-slide post-182 entry type-testimonials\"><div class=\"vcex-testimonials-fullslider-inner clr textcenter\"><div class=\"entry wpex-clr\" style=\"font-size:14px;\"><p>&#8220;Als internationales Startup nehmen wir die \u00dcbersetzungsleistungen von Frau Sodjinou regelm\u00e4\u00dfig in Anspruch und sch\u00e4tzen dabei besonders ihre F\u00e4higkeit, verschiedene Sprechweisen zu adaptieren und ihre absolute Termintreue.&#8221;<br \/>\n&#8211; Jerry Appiah, Mouseflow<\/p>\n<\/div><div class=\"vcex-testimonials-fullslider-author clr\" ><div class=\"vcex-testimonials-fullslider-author-name\"><\/div><\/div><\/div><\/div><div class=\"wpex-slider-slide sp-slide post-180 entry type-testimonials\"><div class=\"vcex-testimonials-fullslider-inner clr textcenter\"><div class=\"entry wpex-clr\" style=\"font-size:14px;\"><p>&#8220;Myriam was my interpreter during one of our tours in Germany speaking on trade and food security related issues. I must admit for the first time I felt like a translator interpreted exactly what I said with so much professionalism. I was impressed at how quick she took notes and retained everything that was said. I wished I had her with me throughout the whole tour in Germany. The other speakers agreed to that Myriam was the best interpreter during our tour.&#8221;<br \/>\n&#8211; Yvonne Takang, Executive Secretary of ACDIC<\/p>\n<\/div><div class=\"vcex-testimonials-fullslider-author clr\" ><div class=\"vcex-testimonials-fullslider-author-name\"><\/div><\/div><\/div><\/div><div class=\"wpex-slider-slide sp-slide post-178 entry type-testimonials\"><div class=\"vcex-testimonials-fullslider-inner clr textcenter\"><div class=\"entry wpex-clr\" style=\"font-size:14px;\"><p>&#8220;Myriam hat mich als Dolmetscherin auf eine Dienstreise in die Dominikanische Republik begleitet. Sie war hervorragend vorbereitet und hat ausnahmslos in allen Situationen, trotz des tropischen Klimas und zeitweilig schwieriger \u00e4u\u00dferer Bedingungen, alle Gespr\u00e4chs- und Dolmetschsituationen mit hoher Konzentration bew\u00e4ltigt und schnell die Sympathie aller Gespr\u00e4chspartner gewonnen. Den nachhaltigen Erfolg meiner Reise verdanke ich im erheblichem Ma\u00dfe der Begleitung durch Frau Sodjinou.&#8221;<br \/>\n&#8211; J\u00fcrgen Rei\u00dfner, Arbeitsstelle Weitblick<\/p>\n<\/div><div class=\"vcex-testimonials-fullslider-author clr\" ><div class=\"vcex-testimonials-fullslider-author-name\"><\/div><\/div><\/div><\/div><\/div><\/div><\/div>[\/vc_column_inner][\/vc_row_inner][\/vc_column][\/vc_row][vc_row][vc_column width=&#8221;1\/6&#8243;]<h2 class=\"vcex-heading vcex-module wpex-text-2xl wpex-font-normal wpex-m-auto wpex-max-w-100 vcex-heading-plain wpex-block wpex-text-center  wpb_animate_when_almost_visible wpb_appear appear\" style=\"color:#5f021f;font-family:Belleza;font-size:14px;\"><span class=\"vcex-heading-inner wpex-inline-block wpex-clr\">Interpretation<\/span><\/h2>[vc_icon icon_fontawesome=&#8221;fa fa-language&#8221; color=&#8221;custom&#8221; background_style=&#8221;rounded&#8221; align=&#8221;center&#8221; custom_color=&#8221;#5f021f&#8221; link=&#8221;url:http%3A%2F%2Finmywords.de%2Fsprachdienstleistungen%2Fdolmetschen|title:Dolmetschen|&#8221;][\/vc_column][vc_column width=&#8221;1\/6&#8243;]<h2 class=\"vcex-heading vcex-module wpex-text-2xl wpex-font-normal wpex-m-auto wpex-max-w-100 vcex-heading-plain wpex-block wpex-text-center  wpb_animate_when_almost_visible wpb_appear appear\" style=\"color:#5f021f;font-family:Belleza;font-size:14px;\"><span class=\"vcex-heading-inner wpex-inline-block wpex-clr\">Translation<\/span><\/h2>[vc_icon icon_fontawesome=&#8221;fa fa-pencil-square-o&#8221; color=&#8221;custom&#8221; background_style=&#8221;rounded&#8221; align=&#8221;center&#8221; custom_color=&#8221;#5f021f&#8221; link=&#8221;url:http%3A%2F%2Finmywords.de%2Fsprachdienstleistungen%2Fuebersetzen|title:%C3%9Cbersetzen|&#8221;][\/vc_column][vc_column width=&#8221;1\/6&#8243;]<h2 class=\"vcex-heading vcex-module wpex-text-2xl wpex-font-normal wpex-m-auto wpex-max-w-100 vcex-heading-plain wpex-block wpex-text-center  wpb_animate_when_almost_visible wpb_appear appear\" style=\"color:#5f021f;font-family:Belleza;font-size:14px;\"><span class=\"vcex-heading-inner wpex-inline-block wpex-clr\">Editing<\/span><\/h2>[vc_icon icon_fontawesome=&#8221;fa fa-check-square-o&#8221; color=&#8221;custom&#8221; background_style=&#8221;rounded&#8221; align=&#8221;center&#8221; custom_color=&#8221;#5f021f&#8221; link=&#8221;url:http%3A%2F%2Finmywords.de%2Fsprachdienstleistungen%2Flektorat-korrektorat|title:Lektorat|&#8221;][\/vc_column][vc_column width=&#8221;1\/6&#8243;]<h2 class=\"vcex-heading vcex-module wpex-text-2xl wpex-font-normal wpex-m-auto wpex-max-w-100 vcex-heading-plain wpex-block wpex-text-center  wpb_animate_when_almost_visible wpb_appear appear\" style=\"color:#5f021f;font-family:Belleza;font-size:14px;\"><span class=\"vcex-heading-inner wpex-inline-block wpex-clr\">Tour Guide<\/span><\/h2>[vc_icon icon_fontawesome=&#8221;fa fa-globe&#8221; color=&#8221;custom&#8221; background_style=&#8221;rounded&#8221; align=&#8221;center&#8221; custom_color=&#8221;#5f021f&#8221; link=&#8221;url:http%3A%2F%2Finmywords.de%2Fsprachdienstleistungen%2Freisebegleitung|title:Reisebegleitung|&#8221;][\/vc_column][vc_column width=&#8221;1\/6&#8243;]<h2 class=\"vcex-heading vcex-module wpex-text-2xl wpex-font-normal wpex-m-auto wpex-max-w-100 vcex-heading-plain wpex-block wpex-text-center  wpb_animate_when_almost_visible wpb_appear appear\" style=\"color:#5f021f;font-family:Belleza;font-size:14px;\"><span class=\"vcex-heading-inner wpex-inline-block wpex-clr\">Language Training<\/span><\/h2>[vc_icon icon_fontawesome=&#8221;fa fa-comments-o&#8221; color=&#8221;custom&#8221; background_style=&#8221;rounded&#8221; align=&#8221;center&#8221; custom_color=&#8221;#5f021f&#8221; link=&#8221;url:http%3A%2F%2Finmywords.de%2Fsprachdienstleistungen%2Fsprachtraining|title:Sprachtraining|&#8221;][\/vc_column][vc_column width=&#8221;1\/6&#8243;]<h2 class=\"vcex-heading vcex-module wpex-text-2xl wpex-font-normal wpex-m-auto wpex-max-w-100 vcex-heading-plain wpex-block wpex-text-center  wpb_animate_when_almost_visible wpb_appear appear\" style=\"color:#5f021f;font-family:Belleza;font-size:14px;\"><span class=\"vcex-heading-inner wpex-inline-block wpex-clr\">Subtitling<\/span><\/h2>[vc_icon icon_fontawesome=&#8221;fa fa-file-video-o&#8221; color=&#8221;custom&#8221; background_style=&#8221;rounded&#8221; align=&#8221;center&#8221; custom_color=&#8221;#5f021f&#8221; link=&#8221;url:http%3A%2F%2Finmywords.de%2Fsprachdienstleistungen%2Funtertitelung-vertonung|title:Filmuntertitelung|&#8221;][\/vc_column][\/vc_row]\n","protected":false},"excerpt":{"rendered":"<p>[vc_row center_row=&#8221;&#8221;][vc_column width=&#8221;2\/3&#8243;][vc_column_text] Your message in my words \u2013 I strike the right chord and ensure smooth communication. I am Myriam Sodjinou, freelance interpreter and translator for German, English and Spanish, based in Hamburg. I help you to turn language&hellip;<\/p>\n","protected":false},"author":1,"featured_media":0,"parent":0,"menu_order":0,"comment_status":"open","ping_status":"open","template":"","meta":{"_monsterinsights_skip_tracking":false,"_monsterinsights_sitenote_active":false,"_monsterinsights_sitenote_note":"","_monsterinsights_sitenote_category":0,"footnotes":""},"class_list":["post-547","page","type-page","status-publish","hentry","entry","no-media"],"yoast_head":"<!-- This site is optimized with the Yoast SEO plugin v27.6 - https:\/\/yoast.com\/product\/yoast-seo-wordpress\/ -->\n<title>Interpreter &amp; Translator Myriam Sodjinou - Inmywords<\/title>\n<meta name=\"description\" content=\"Inmywords - Your message in my words - I strike the right chord and ensure smooth communication.\" \/>\n<meta name=\"robots\" content=\"index, follow, max-snippet:-1, max-image-preview:large, max-video-preview:-1\" \/>\n<link rel=\"canonical\" href=\"https:\/\/inmywords.de\/en\" \/>\n<meta property=\"og:locale\" content=\"en_US\" \/>\n<meta property=\"og:type\" content=\"article\" \/>\n<meta property=\"og:title\" content=\"Interpreter &amp; Translator Myriam Sodjinou - Inmywords\" \/>\n<meta property=\"og:description\" content=\"Inmywords - Your message in my words - I strike the right chord and ensure smooth communication.\" \/>\n<meta property=\"og:url\" content=\"https:\/\/inmywords.de\/en\" \/>\n<meta property=\"og:site_name\" content=\"InMyWords\" \/>\n<meta property=\"article:modified_time\" content=\"2017-11-14T21:31:54+00:00\" \/>\n<meta name=\"twitter:card\" content=\"summary_large_image\" \/>\n<meta name=\"twitter:label1\" content=\"Est. reading time\" \/>\n\t<meta name=\"twitter:data1\" content=\"3 minutes\" \/>\n<script type=\"application\/ld+json\" class=\"yoast-schema-graph\">{\"@context\":\"https:\\\/\\\/schema.org\",\"@graph\":[{\"@type\":\"WebPage\",\"@id\":\"https:\\\/\\\/inmywords.de\\\/en\",\"url\":\"https:\\\/\\\/inmywords.de\\\/en\",\"name\":\"Interpreter & Translator Myriam Sodjinou - Inmywords\",\"isPartOf\":{\"@id\":\"https:\\\/\\\/inmywords.de\\\/#website\"},\"datePublished\":\"2017-05-08T12:38:42+00:00\",\"dateModified\":\"2017-11-14T21:31:54+00:00\",\"description\":\"Inmywords - Your message in my words - I strike the right chord and ensure smooth communication.\",\"breadcrumb\":{\"@id\":\"https:\\\/\\\/inmywords.de\\\/en#breadcrumb\"},\"inLanguage\":\"en-US\",\"potentialAction\":[{\"@type\":\"ReadAction\",\"target\":[\"https:\\\/\\\/inmywords.de\\\/en\"]}]},{\"@type\":\"BreadcrumbList\",\"@id\":\"https:\\\/\\\/inmywords.de\\\/en#breadcrumb\",\"itemListElement\":[{\"@type\":\"ListItem\",\"position\":1,\"name\":\"Home\",\"item\":\"https:\\\/\\\/inmywords.de\\\/en\"},{\"@type\":\"ListItem\",\"position\":2,\"name\":\"Interpreter &#038; Translator Myriam Sodjinou\"}]},{\"@type\":\"WebSite\",\"@id\":\"https:\\\/\\\/inmywords.de\\\/#website\",\"url\":\"https:\\\/\\\/inmywords.de\\\/\",\"name\":\"InMyWords\",\"description\":\"Myriam Sodjinou - Dolmetscherin &amp; \u00dcbersetzerin\",\"publisher\":{\"@id\":\"https:\\\/\\\/inmywords.de\\\/#organization\"},\"potentialAction\":[{\"@type\":\"SearchAction\",\"target\":{\"@type\":\"EntryPoint\",\"urlTemplate\":\"https:\\\/\\\/inmywords.de\\\/?s={search_term_string}\"},\"query-input\":{\"@type\":\"PropertyValueSpecification\",\"valueRequired\":true,\"valueName\":\"search_term_string\"}}],\"inLanguage\":\"en-US\"},{\"@type\":\"Organization\",\"@id\":\"https:\\\/\\\/inmywords.de\\\/#organization\",\"name\":\"InMyWords - Myriam Sodjinou\",\"url\":\"https:\\\/\\\/inmywords.de\\\/\",\"logo\":{\"@type\":\"ImageObject\",\"inLanguage\":\"en-US\",\"@id\":\"https:\\\/\\\/inmywords.de\\\/#\\\/schema\\\/logo\\\/image\\\/\",\"url\":\"https:\\\/\\\/inmywords.de\\\/wp-content\\\/uploads\\\/2016\\\/01\\\/Logo-Ausschnitt-f\u00fcr-Header.png\",\"contentUrl\":\"https:\\\/\\\/inmywords.de\\\/wp-content\\\/uploads\\\/2016\\\/01\\\/Logo-Ausschnitt-f\u00fcr-Header.png\",\"width\":1024,\"height\":280,\"caption\":\"InMyWords - Myriam Sodjinou\"},\"image\":{\"@id\":\"https:\\\/\\\/inmywords.de\\\/#\\\/schema\\\/logo\\\/image\\\/\"}}]}<\/script>\n<!-- \/ Yoast SEO plugin. -->","yoast_head_json":{"title":"Interpreter & Translator Myriam Sodjinou - Inmywords","description":"Inmywords - Your message in my words - I strike the right chord and ensure smooth communication.","robots":{"index":"index","follow":"follow","max-snippet":"max-snippet:-1","max-image-preview":"max-image-preview:large","max-video-preview":"max-video-preview:-1"},"canonical":"https:\/\/inmywords.de\/en","og_locale":"en_US","og_type":"article","og_title":"Interpreter & Translator Myriam Sodjinou - Inmywords","og_description":"Inmywords - Your message in my words - I strike the right chord and ensure smooth communication.","og_url":"https:\/\/inmywords.de\/en","og_site_name":"InMyWords","article_modified_time":"2017-11-14T21:31:54+00:00","twitter_card":"summary_large_image","twitter_misc":{"Est. reading time":"3 minutes"},"schema":{"@context":"https:\/\/schema.org","@graph":[{"@type":"WebPage","@id":"https:\/\/inmywords.de\/en","url":"https:\/\/inmywords.de\/en","name":"Interpreter & Translator Myriam Sodjinou - Inmywords","isPartOf":{"@id":"https:\/\/inmywords.de\/#website"},"datePublished":"2017-05-08T12:38:42+00:00","dateModified":"2017-11-14T21:31:54+00:00","description":"Inmywords - Your message in my words - I strike the right chord and ensure smooth communication.","breadcrumb":{"@id":"https:\/\/inmywords.de\/en#breadcrumb"},"inLanguage":"en-US","potentialAction":[{"@type":"ReadAction","target":["https:\/\/inmywords.de\/en"]}]},{"@type":"BreadcrumbList","@id":"https:\/\/inmywords.de\/en#breadcrumb","itemListElement":[{"@type":"ListItem","position":1,"name":"Home","item":"https:\/\/inmywords.de\/en"},{"@type":"ListItem","position":2,"name":"Interpreter &#038; Translator Myriam Sodjinou"}]},{"@type":"WebSite","@id":"https:\/\/inmywords.de\/#website","url":"https:\/\/inmywords.de\/","name":"InMyWords","description":"Myriam Sodjinou - Dolmetscherin &amp; \u00dcbersetzerin","publisher":{"@id":"https:\/\/inmywords.de\/#organization"},"potentialAction":[{"@type":"SearchAction","target":{"@type":"EntryPoint","urlTemplate":"https:\/\/inmywords.de\/?s={search_term_string}"},"query-input":{"@type":"PropertyValueSpecification","valueRequired":true,"valueName":"search_term_string"}}],"inLanguage":"en-US"},{"@type":"Organization","@id":"https:\/\/inmywords.de\/#organization","name":"InMyWords - Myriam Sodjinou","url":"https:\/\/inmywords.de\/","logo":{"@type":"ImageObject","inLanguage":"en-US","@id":"https:\/\/inmywords.de\/#\/schema\/logo\/image\/","url":"https:\/\/inmywords.de\/wp-content\/uploads\/2016\/01\/Logo-Ausschnitt-f\u00fcr-Header.png","contentUrl":"https:\/\/inmywords.de\/wp-content\/uploads\/2016\/01\/Logo-Ausschnitt-f\u00fcr-Header.png","width":1024,"height":280,"caption":"InMyWords - Myriam Sodjinou"},"image":{"@id":"https:\/\/inmywords.de\/#\/schema\/logo\/image\/"}}]}},"_links":{"self":[{"href":"https:\/\/inmywords.de\/en\/wp-json\/wp\/v2\/pages\/547","targetHints":{"allow":["GET"]}}],"collection":[{"href":"https:\/\/inmywords.de\/en\/wp-json\/wp\/v2\/pages"}],"about":[{"href":"https:\/\/inmywords.de\/en\/wp-json\/wp\/v2\/types\/page"}],"author":[{"embeddable":true,"href":"https:\/\/inmywords.de\/en\/wp-json\/wp\/v2\/users\/1"}],"replies":[{"embeddable":true,"href":"https:\/\/inmywords.de\/en\/wp-json\/wp\/v2\/comments?post=547"}],"version-history":[{"count":30,"href":"https:\/\/inmywords.de\/en\/wp-json\/wp\/v2\/pages\/547\/revisions"}],"predecessor-version":[{"id":1041,"href":"https:\/\/inmywords.de\/en\/wp-json\/wp\/v2\/pages\/547\/revisions\/1041"}],"wp:attachment":[{"href":"https:\/\/inmywords.de\/en\/wp-json\/wp\/v2\/media?parent=547"}],"curies":[{"name":"wp","href":"https:\/\/api.w.org\/{rel}","templated":true}]}}