{"id":596,"date":"2017-07-11T16:44:02","date_gmt":"2017-07-11T14:44:02","guid":{"rendered":"http:\/\/inmywords.de\/interprete-y-traductora-myriam-sodjinou"},"modified":"2017-11-14T22:34:43","modified_gmt":"2017-11-14T21:34:43","slug":"interprete-y-traductora-myriam-sodjinou","status":"publish","type":"page","link":"https:\/\/inmywords.de\/es","title":{"rendered":"Int\u00e9rprete y traductora Myriam Sodjinou"},"content":{"rendered":"[vc_row center_row=\u00bb\u00bb][vc_column width=\u00bb2\/3&#8243;][vc_column_text]\n<blockquote>\n<p style=\"text-align: center;\"><span style=\"font-family: Belleza;\"><span lang=\"en-US\">Su mensaje en mis palabras &#8211; E<\/span><\/span><span style=\"font-family: Belleza;\"><span lang=\"en-US\">ncuentro la expresi\u00f3n adecuada<br \/>\ny me encargo de que la comunicaci\u00f3n funcione sin problema.<\/span><\/span><\/p>\n<\/blockquote>\n<p style=\"text-align: center;\"><span style=\"font-family: Belleza;\"><span lang=\"en-US\">Soy <a href=\"https:\/\/inmywords.de\/es\/myriam-sodjinou-se-presenta\">Myriam Sodjinou<\/a>, <\/span><\/span><span style=\"font-family: Belleza;\"><span lang=\"en-US\">int\u00e9rprete y traductora aut\u00f3noma<br \/>\npara los idiomas: Alem\u00e1n, Ingl\u00e9s y Espa<\/span><span lang=\"en-US\">\u00f1<\/span><span lang=\"en-US\">ol<br \/>\ny trabajo en Hamburgo. <\/span><\/span><\/p>\n<p lang=\"en-US\" style=\"text-align: center;\"><span style=\"font-family: Belleza;\"><span style=\"font-size: medium;\">Yo le ayudo a superar barreras en cuestiones de idiomas.<\/span><\/span><\/p>\n<p style=\"text-align: center;\"><a name=\"_Hlk482307384\"><\/a><span style=\"font-family: Belleza;\"><span lang=\"en-US\">\u00bfEst\u00e1 usted planeando una conferencia con invitados internacionales<br \/>\ny necesita un <a href=\"https:\/\/inmywords.de\/es\/servicios-lingueisticos-en-aleman-ingles-y-espanol\/interpretacion-en-difrenetes-ocasiones-en-aleman-ingles-y-espanol\">int\u00e9rprete<\/a> para el discurso inical? <\/span><\/span><\/p>\n<p lang=\"en-US\" style=\"text-align: center;\"><span style=\"font-family: Belleza;\">\u00bfDesea que su comunicado de prensa o condiciones de contrato<br \/>\nsean <a href=\"https:\/\/inmywords.de\/es\/servicios-lingueisticos-en-aleman-ingles-y-espanol\/traduccion-de-documentos-en-aleman-ingles-espanol\">traducidos<\/a> antes de ser publicados?<\/span><\/p>\n<p lang=\"en-US\" style=\"text-align: center;\"><span style=\"font-family: Belleza;\">\u00bfNecesita usted <a href=\"https:\/\/inmywords.de\/es\/servicios-lingueisticos-en-aleman-ingles-y-espanol\/substitulacion-e-incorporacion-de-sonido-de-peliculas-y-archivos-de-video\">subt\u00edtulos<\/a> en varios idiomas<br \/>\npara el nuevo v\u00eddeo de promoci\u00f3n de su empresa?<\/span><\/p>\n<p lang=\"en-US\" style=\"text-align: center;\"><span style=\"font-family: Belleza;\">Si est\u00e1 usted buscando <a href=\"https:\/\/inmywords.de\/es\/servicios-lingueisticos-en-aleman-ingles-y-espanol\">prestaciones profesionales<\/a><br \/>\nen el \u00e1mbito de idiomas yo soy la persona adecuada.<br \/>\n<\/span><span style=\"font-family: Belleza;\"><span lang=\"en-US\">Siendo su contacto fiable le acompa<\/span><span lang=\"en-US\">\u00f1<\/span><span lang=\"en-US\">o y asesoro<br \/>\ndesde la planificaci\u00f3n hasta la realizaci\u00f3n de su proyecto.<\/span><\/span><\/p>\n<p lang=\"en-US\" style=\"text-align: center;\"><span style=\"font-family: Belleza;\">Con mucho gusto le puedo presentar una <a href=\"https:\/\/inmywords.de\/es\/contacto\">oferta individual<\/a>.<\/span><\/p>\n<p lang=\"es-ES\" style=\"text-align: center;\"><span style=\"font-family: Belleza;\">En las pr\u00f3ximas p\u00e1ginas podr\u00e1 saber m\u00e1s<br \/>\nsobre mi <a href=\"https:\/\/inmywords.de\/es\/myriam-sodjinou-se-presenta\">persona<\/a> y mi <a href=\"https:\/\/inmywords.de\/es\/portfolio-y-referencias\">trabajo<\/a>. <\/span><\/p>\n[\/vc_column_text][\/vc_column][vc_column width=\u00bb1\/3&#8243;]<figure class=\"vcex-module vcex-image-swap wpex-block wpex-relative wpex-mx-auto wpex-max-w-100 wpex-overflow-hidden wpex-clr\"><img decoding=\"async\" loading=\"lazy\" class=\"vcex-image-swap-primary wpex-block wpex-relative wpex-z-5 wpex-w-100 wpex-overflow-hidden wpex-transition-opacity wpex-duration-300\" src=\"https:\/\/inmywords.de\/wp-content\/uploads\/2016\/01\/Myriam-Sodjinou.jpg\" alt=\"\" width=\"1024\" height=\"889\" \/><img decoding=\"async\" loading=\"lazy\" class=\"vcex-image-swap-secondary wpex-block wpex-absolute wpex-inset-0 wpex-z-1 wpex-w-100 wpex-overflow-hidden\" src=\"https:\/\/inmywords.de\/wp-content\/uploads\/2016\/01\/InMyWords-Logo-mit-Lautschrift-Startseite.jpg\" alt=\"\" width=\"295\" height=\"237\" \/><\/figure><div class=\"vcex-spacing wpex-w-100 wpex-clear\" style=\"height:30px\"><\/div>[vc_row_inner][vc_column_inner]<div class=\"vcex-module vcex-testimonials-fullslider dark-skin has-controlnav\"><div class=\"wpex-slider slider-pro\" data-fade-arrows=\"false\" data-arrows=\"true\" data-buttons=\"true\" data-loop=\"true\" data-fade=\"true\" data-auto-play-delay=\"9000\" data-animation-speed=\"900\" data-height-animation-duration=\"400\" data-touch-swipe-desktop=\"false\"><div class=\"wpex-slider-slides sp-slides\"><div class=\"wpex-slider-slide sp-slide post-182 entry type-testimonials\"><div class=\"vcex-testimonials-fullslider-inner clr textcenter\"><div class=\"entry wpex-clr\" style=\"font-size:14px;\"><p>\u00abAls internationales Startup nehmen wir die \u00dcbersetzungsleistungen von Frau Sodjinou regelm\u00e4\u00dfig in Anspruch und sch\u00e4tzen dabei besonders ihre F\u00e4higkeit, verschiedene Sprechweisen zu adaptieren und ihre absolute Termintreue.\u00bb<br \/>\n&#8211; Jerry Appiah, Mouseflow<\/p>\n<\/div><div class=\"vcex-testimonials-fullslider-author clr\" ><div class=\"vcex-testimonials-fullslider-author-name\"><\/div><\/div><\/div><\/div><div class=\"wpex-slider-slide sp-slide post-180 entry type-testimonials\"><div class=\"vcex-testimonials-fullslider-inner clr textcenter\"><div class=\"entry wpex-clr\" style=\"font-size:14px;\"><p>\u00abMyriam was my interpreter during one of our tours in Germany speaking on trade and food security related issues. I must admit for the first time I felt like a translator interpreted exactly what I said with so much professionalism. I was impressed at how quick she took notes and retained everything that was said. I wished I had her with me throughout the whole tour in Germany. The other speakers agreed to that Myriam was the best interpreter during our tour.\u00bb<br \/>\n&#8211; Yvonne Takang, Executive Secretary of ACDIC<\/p>\n<\/div><div class=\"vcex-testimonials-fullslider-author clr\" ><div class=\"vcex-testimonials-fullslider-author-name\"><\/div><\/div><\/div><\/div><div class=\"wpex-slider-slide sp-slide post-178 entry type-testimonials\"><div class=\"vcex-testimonials-fullslider-inner clr textcenter\"><div class=\"entry wpex-clr\" style=\"font-size:14px;\"><p>\u00abMyriam hat mich als Dolmetscherin auf eine Dienstreise in die Dominikanische Republik begleitet. Sie war hervorragend vorbereitet und hat ausnahmslos in allen Situationen, trotz des tropischen Klimas und zeitweilig schwieriger \u00e4u\u00dferer Bedingungen, alle Gespr\u00e4chs- und Dolmetschsituationen mit hoher Konzentration bew\u00e4ltigt und schnell die Sympathie aller Gespr\u00e4chspartner gewonnen. Den nachhaltigen Erfolg meiner Reise verdanke ich im erheblichem Ma\u00dfe der Begleitung durch Frau Sodjinou.\u00bb<br \/>\n&#8211; J\u00fcrgen Rei\u00dfner, Arbeitsstelle Weitblick<\/p>\n<\/div><div class=\"vcex-testimonials-fullslider-author clr\" ><div class=\"vcex-testimonials-fullslider-author-name\"><\/div><\/div><\/div><\/div><\/div><\/div><\/div>[\/vc_column_inner][\/vc_row_inner][\/vc_column][\/vc_row][vc_row][vc_column width=\u00bb1\/6&#8243;]<h2 class=\"vcex-heading vcex-module wpex-text-2xl wpex-font-normal wpex-m-auto wpex-max-w-100 vcex-heading-plain wpex-block wpex-text-center  wpb_animate_when_almost_visible wpb_appear appear\" style=\"color:#5f021f;font-family:Belleza;font-size:14px;\"><span class=\"vcex-heading-inner wpex-inline-block wpex-clr\">Interpretaci\u00f3n<\/span><\/h2>[vc_icon icon_fontawesome=\u00bbfa fa-language\u00bb color=\u00bbcustom\u00bb background_style=\u00bbrounded\u00bb align=\u00bbcenter\u00bb custom_color=\u00bb#5f021f\u00bb link=\u00bburl:http%3A%2F%2Finmywords.de%2Fsprachdienstleistungen%2Fdolmetschen|title:Dolmetschen|\u00bb][\/vc_column][vc_column width=\u00bb1\/6&#8243;]<h2 class=\"vcex-heading vcex-module wpex-text-2xl wpex-font-normal wpex-m-auto wpex-max-w-100 vcex-heading-plain wpex-block wpex-text-center  wpb_animate_when_almost_visible wpb_appear appear\" style=\"color:#5f021f;font-family:Belleza;font-size:14px;\"><span class=\"vcex-heading-inner wpex-inline-block wpex-clr\">Traducci\u00f3n<\/span><\/h2>[vc_icon icon_fontawesome=\u00bbfa fa-pencil-square-o\u00bb color=\u00bbcustom\u00bb background_style=\u00bbrounded\u00bb align=\u00bbcenter\u00bb custom_color=\u00bb#5f021f\u00bb link=\u00bburl:http%3A%2F%2Finmywords.de%2Fsprachdienstleistungen%2Fuebersetzen|title:%C3%9Cbersetzen|\u00bb][\/vc_column][vc_column width=\u00bb1\/6&#8243;]<h2 class=\"vcex-heading vcex-module wpex-text-2xl wpex-font-normal wpex-m-auto wpex-max-w-100 vcex-heading-plain wpex-block wpex-text-center  wpb_animate_when_almost_visible wpb_appear appear\" style=\"color:#5f021f;font-family:Belleza;font-size:14px;\"><span class=\"vcex-heading-inner wpex-inline-block wpex-clr\">Lectorado<\/span><\/h2>[vc_icon icon_fontawesome=\u00bbfa fa-check-square-o\u00bb color=\u00bbcustom\u00bb background_style=\u00bbrounded\u00bb align=\u00bbcenter\u00bb custom_color=\u00bb#5f021f\u00bb link=\u00bburl:http%3A%2F%2Finmywords.de%2Fsprachdienstleistungen%2Flektorat-korrektorat|title:Lektorat|\u00bb][\/vc_column][vc_column width=\u00bb1\/6&#8243;]<h2 class=\"vcex-heading vcex-module wpex-text-2xl wpex-font-normal wpex-m-auto wpex-max-w-100 vcex-heading-plain wpex-block wpex-text-center  wpb_animate_when_almost_visible wpb_appear appear\" style=\"color:#5f021f;font-family:Belleza;font-size:14px;\"><span class=\"vcex-heading-inner wpex-inline-block wpex-clr\">Gu\u00eda tur\u00edstica<\/span><\/h2>[vc_icon icon_fontawesome=\u00bbfa fa-globe\u00bb color=\u00bbcustom\u00bb background_style=\u00bbrounded\u00bb align=\u00bbcenter\u00bb custom_color=\u00bb#5f021f\u00bb link=\u00bburl:http%3A%2F%2Finmywords.de%2Fsprachdienstleistungen%2Freisebegleitung|title:Reisebegleitung|\u00bb][\/vc_column][vc_column width=\u00bb1\/6&#8243;]<h2 class=\"vcex-heading vcex-module wpex-text-2xl wpex-font-normal wpex-m-auto wpex-max-w-100 vcex-heading-plain wpex-block wpex-text-center  wpb_animate_when_almost_visible wpb_appear appear\" style=\"color:#5f021f;font-family:Belleza;font-size:14px;\"><span class=\"vcex-heading-inner wpex-inline-block wpex-clr\">Formaci\u00f3n den idiomas<\/span><\/h2>[vc_icon icon_fontawesome=\u00bbfa fa-comments-o\u00bb color=\u00bbcustom\u00bb background_style=\u00bbrounded\u00bb align=\u00bbcenter\u00bb custom_color=\u00bb#5f021f\u00bb link=\u00bburl:http%3A%2F%2Finmywords.de%2Fsprachdienstleistungen%2Fsprachtraining|title:Sprachtraining|\u00bb][\/vc_column][vc_column width=\u00bb1\/6&#8243;]<h2 class=\"vcex-heading vcex-module wpex-text-2xl wpex-font-normal wpex-m-auto wpex-max-w-100 vcex-heading-plain wpex-block wpex-text-center  wpb_animate_when_almost_visible wpb_appear appear\" style=\"color:#5f021f;font-family:Belleza;font-size:14px;\"><span class=\"vcex-heading-inner wpex-inline-block wpex-clr\">Subtitulaci\u00f3n<\/span><\/h2>[vc_icon icon_fontawesome=\u00bbfa fa-file-video-o\u00bb color=\u00bbcustom\u00bb background_style=\u00bbrounded\u00bb align=\u00bbcenter\u00bb custom_color=\u00bb#5f021f\u00bb link=\u00bburl:http%3A%2F%2Finmywords.de%2Fsprachdienstleistungen%2Funtertitelung-vertonung|title:Filmuntertitelung|\u00bb][\/vc_column][\/vc_row]\n","protected":false},"excerpt":{"rendered":"<p>[vc_row center_row=\u00bb\u00bb][vc_column width=\u00bb2\/3&#8243;][vc_column_text] Su mensaje en mis palabras &#8211; Encuentro la expresi\u00f3n adecuada y me encargo de que la comunicaci\u00f3n funcione sin problema. Soy Myriam Sodjinou, int\u00e9rprete y traductora aut\u00f3noma para los idiomas: Alem\u00e1n, Ingl\u00e9s y Espa\u00f1ol y trabajo en&hellip;<\/p>\n","protected":false},"author":1,"featured_media":0,"parent":0,"menu_order":0,"comment_status":"open","ping_status":"open","template":"","meta":{"_monsterinsights_skip_tracking":false,"_monsterinsights_sitenote_active":false,"_monsterinsights_sitenote_note":"","_monsterinsights_sitenote_category":0,"footnotes":""},"class_list":["post-596","page","type-page","status-publish","hentry","entry","no-media"],"yoast_head":"<!-- This site is optimized with the Yoast SEO plugin v27.3 - https:\/\/yoast.com\/product\/yoast-seo-wordpress\/ -->\n<title>Int\u00e9rprete y traductora Myriam Sodjinou - InMyWords<\/title>\n<meta name=\"description\" content=\"InMyWords - Su mensaje en mis palabras - encuentro la expresi\u00f3n adecuada y me encargo de que la comunicaci\u00f3n funcione sin problema.\" \/>\n<meta name=\"robots\" content=\"index, follow, max-snippet:-1, max-image-preview:large, max-video-preview:-1\" \/>\n<link rel=\"canonical\" href=\"https:\/\/inmywords.de\/es\" \/>\n<meta property=\"og:locale\" content=\"es_ES\" \/>\n<meta property=\"og:type\" content=\"article\" \/>\n<meta property=\"og:title\" content=\"Int\u00e9rprete y traductora Myriam Sodjinou - InMyWords\" \/>\n<meta property=\"og:description\" content=\"InMyWords - Su mensaje en mis palabras - encuentro la expresi\u00f3n adecuada y me encargo de que la comunicaci\u00f3n funcione sin problema.\" \/>\n<meta property=\"og:url\" content=\"https:\/\/inmywords.de\/es\" \/>\n<meta property=\"og:site_name\" content=\"InMyWords\" \/>\n<meta property=\"article:modified_time\" content=\"2017-11-14T21:34:43+00:00\" \/>\n<meta name=\"twitter:card\" content=\"summary_large_image\" \/>\n<meta name=\"twitter:label1\" content=\"Tiempo de lectura\" \/>\n\t<meta name=\"twitter:data1\" content=\"3 minutos\" \/>\n<script type=\"application\/ld+json\" class=\"yoast-schema-graph\">{\"@context\":\"https:\\\/\\\/schema.org\",\"@graph\":[{\"@type\":\"WebPage\",\"@id\":\"https:\\\/\\\/inmywords.de\\\/es\",\"url\":\"https:\\\/\\\/inmywords.de\\\/es\",\"name\":\"Int\u00e9rprete y traductora Myriam Sodjinou - InMyWords\",\"isPartOf\":{\"@id\":\"https:\\\/\\\/inmywords.de\\\/#website\"},\"datePublished\":\"2017-07-11T14:44:02+00:00\",\"dateModified\":\"2017-11-14T21:34:43+00:00\",\"description\":\"InMyWords - Su mensaje en mis palabras - encuentro la expresi\u00f3n adecuada y me encargo de que la comunicaci\u00f3n funcione sin problema.\",\"breadcrumb\":{\"@id\":\"https:\\\/\\\/inmywords.de\\\/es#breadcrumb\"},\"inLanguage\":\"es\",\"potentialAction\":[{\"@type\":\"ReadAction\",\"target\":[\"https:\\\/\\\/inmywords.de\\\/es\"]}]},{\"@type\":\"BreadcrumbList\",\"@id\":\"https:\\\/\\\/inmywords.de\\\/es#breadcrumb\",\"itemListElement\":[{\"@type\":\"ListItem\",\"position\":1,\"name\":\"Home\",\"item\":\"https:\\\/\\\/inmywords.de\\\/es\"},{\"@type\":\"ListItem\",\"position\":2,\"name\":\"Int\u00e9rprete y traductora Myriam Sodjinou\"}]},{\"@type\":\"WebSite\",\"@id\":\"https:\\\/\\\/inmywords.de\\\/#website\",\"url\":\"https:\\\/\\\/inmywords.de\\\/\",\"name\":\"InMyWords\",\"description\":\"Myriam Sodjinou - Dolmetscherin &amp; \u00dcbersetzerin\",\"publisher\":{\"@id\":\"https:\\\/\\\/inmywords.de\\\/#organization\"},\"potentialAction\":[{\"@type\":\"SearchAction\",\"target\":{\"@type\":\"EntryPoint\",\"urlTemplate\":\"https:\\\/\\\/inmywords.de\\\/?s={search_term_string}\"},\"query-input\":{\"@type\":\"PropertyValueSpecification\",\"valueRequired\":true,\"valueName\":\"search_term_string\"}}],\"inLanguage\":\"es\"},{\"@type\":\"Organization\",\"@id\":\"https:\\\/\\\/inmywords.de\\\/#organization\",\"name\":\"InMyWords - Myriam Sodjinou\",\"url\":\"https:\\\/\\\/inmywords.de\\\/\",\"logo\":{\"@type\":\"ImageObject\",\"inLanguage\":\"es\",\"@id\":\"https:\\\/\\\/inmywords.de\\\/#\\\/schema\\\/logo\\\/image\\\/\",\"url\":\"https:\\\/\\\/inmywords.de\\\/wp-content\\\/uploads\\\/2016\\\/01\\\/Logo-Ausschnitt-f\u00fcr-Header.png\",\"contentUrl\":\"https:\\\/\\\/inmywords.de\\\/wp-content\\\/uploads\\\/2016\\\/01\\\/Logo-Ausschnitt-f\u00fcr-Header.png\",\"width\":1024,\"height\":280,\"caption\":\"InMyWords - Myriam Sodjinou\"},\"image\":{\"@id\":\"https:\\\/\\\/inmywords.de\\\/#\\\/schema\\\/logo\\\/image\\\/\"}}]}<\/script>\n<!-- \/ Yoast SEO plugin. -->","yoast_head_json":{"title":"Int\u00e9rprete y traductora Myriam Sodjinou - InMyWords","description":"InMyWords - Su mensaje en mis palabras - encuentro la expresi\u00f3n adecuada y me encargo de que la comunicaci\u00f3n funcione sin problema.","robots":{"index":"index","follow":"follow","max-snippet":"max-snippet:-1","max-image-preview":"max-image-preview:large","max-video-preview":"max-video-preview:-1"},"canonical":"https:\/\/inmywords.de\/es","og_locale":"es_ES","og_type":"article","og_title":"Int\u00e9rprete y traductora Myriam Sodjinou - InMyWords","og_description":"InMyWords - Su mensaje en mis palabras - encuentro la expresi\u00f3n adecuada y me encargo de que la comunicaci\u00f3n funcione sin problema.","og_url":"https:\/\/inmywords.de\/es","og_site_name":"InMyWords","article_modified_time":"2017-11-14T21:34:43+00:00","twitter_card":"summary_large_image","twitter_misc":{"Tiempo de lectura":"3 minutos"},"schema":{"@context":"https:\/\/schema.org","@graph":[{"@type":"WebPage","@id":"https:\/\/inmywords.de\/es","url":"https:\/\/inmywords.de\/es","name":"Int\u00e9rprete y traductora Myriam Sodjinou - InMyWords","isPartOf":{"@id":"https:\/\/inmywords.de\/#website"},"datePublished":"2017-07-11T14:44:02+00:00","dateModified":"2017-11-14T21:34:43+00:00","description":"InMyWords - Su mensaje en mis palabras - encuentro la expresi\u00f3n adecuada y me encargo de que la comunicaci\u00f3n funcione sin problema.","breadcrumb":{"@id":"https:\/\/inmywords.de\/es#breadcrumb"},"inLanguage":"es","potentialAction":[{"@type":"ReadAction","target":["https:\/\/inmywords.de\/es"]}]},{"@type":"BreadcrumbList","@id":"https:\/\/inmywords.de\/es#breadcrumb","itemListElement":[{"@type":"ListItem","position":1,"name":"Home","item":"https:\/\/inmywords.de\/es"},{"@type":"ListItem","position":2,"name":"Int\u00e9rprete y traductora Myriam Sodjinou"}]},{"@type":"WebSite","@id":"https:\/\/inmywords.de\/#website","url":"https:\/\/inmywords.de\/","name":"InMyWords","description":"Myriam Sodjinou - Dolmetscherin &amp; \u00dcbersetzerin","publisher":{"@id":"https:\/\/inmywords.de\/#organization"},"potentialAction":[{"@type":"SearchAction","target":{"@type":"EntryPoint","urlTemplate":"https:\/\/inmywords.de\/?s={search_term_string}"},"query-input":{"@type":"PropertyValueSpecification","valueRequired":true,"valueName":"search_term_string"}}],"inLanguage":"es"},{"@type":"Organization","@id":"https:\/\/inmywords.de\/#organization","name":"InMyWords - Myriam Sodjinou","url":"https:\/\/inmywords.de\/","logo":{"@type":"ImageObject","inLanguage":"es","@id":"https:\/\/inmywords.de\/#\/schema\/logo\/image\/","url":"https:\/\/inmywords.de\/wp-content\/uploads\/2016\/01\/Logo-Ausschnitt-f\u00fcr-Header.png","contentUrl":"https:\/\/inmywords.de\/wp-content\/uploads\/2016\/01\/Logo-Ausschnitt-f\u00fcr-Header.png","width":1024,"height":280,"caption":"InMyWords - Myriam Sodjinou"},"image":{"@id":"https:\/\/inmywords.de\/#\/schema\/logo\/image\/"}}]}},"_links":{"self":[{"href":"https:\/\/inmywords.de\/es\/wp-json\/wp\/v2\/pages\/596","targetHints":{"allow":["GET"]}}],"collection":[{"href":"https:\/\/inmywords.de\/es\/wp-json\/wp\/v2\/pages"}],"about":[{"href":"https:\/\/inmywords.de\/es\/wp-json\/wp\/v2\/types\/page"}],"author":[{"embeddable":true,"href":"https:\/\/inmywords.de\/es\/wp-json\/wp\/v2\/users\/1"}],"replies":[{"embeddable":true,"href":"https:\/\/inmywords.de\/es\/wp-json\/wp\/v2\/comments?post=596"}],"version-history":[{"count":54,"href":"https:\/\/inmywords.de\/es\/wp-json\/wp\/v2\/pages\/596\/revisions"}],"predecessor-version":[{"id":1044,"href":"https:\/\/inmywords.de\/es\/wp-json\/wp\/v2\/pages\/596\/revisions\/1044"}],"wp:attachment":[{"href":"https:\/\/inmywords.de\/es\/wp-json\/wp\/v2\/media?parent=596"}],"curies":[{"name":"wp","href":"https:\/\/api.w.org\/{rel}","templated":true}]}}