{"id":605,"date":"2017-07-11T17:07:04","date_gmt":"2017-07-11T15:07:04","guid":{"rendered":"http:\/\/inmywords.de\/servicios-lingueisticos-en-aleman-ingles-y-espanol"},"modified":"2018-12-19T10:05:33","modified_gmt":"2018-12-19T09:05:33","slug":"servicios-linguisticos","status":"publish","type":"page","link":"https:\/\/inmywords.de\/es\/servicios-linguisticos","title":{"rendered":"Servicios ling\u00fc\u00edsticos en Alem\u00e1n, Ingl\u00e9s y Espa\u00f1ol"},"content":{"rendered":"[vc_row 0=\u00bb\u00bb][vc_column 0=\u00bb\u00bb][vc_column_text 0=\u00bb\u00bb]<span style=\"font-family: Belleza;\"><span lang=\"en-US\">Aqu\u00ed puede ver los servicios ling\u00fc\u00edsticos que ofrezco para los idiomas Alem\u00e1n (A), Ingl\u00e9s (B ) y Espa<\/span><span lang=\"en-US\">\u00f1<\/span><span lang=\"en-US\">ol (C) . <\/span><span lang=\"es-ES\">Haga click en los distinitos art\u00edculos si quiere leer m\u00e1s sobre los diferentes \u00e1mbitos en los que trabajo. <\/span><\/span><span style=\"font-family: Belleza;\"><span lang=\"en-US\">Si desea obtener m\u00e1s informaci\u00f3n o quiere hablar sobre un proyecto individual me puede contactar directamente cuando quiera.<\/span><\/span>[\/vc_column_text][\/vc_column][\/vc_row][vc_row center_row=\u00bb\u00bb][vc_column width=\u00bb1\/3&#8243;]<div class=\"vcex-module vcex-icon-box vcex-icon-box-five wpex-relative wpex-text-center wpex-p-30 wpex-bg-gray-100 hvr hvr-grow\"><div class=\"vcex-icon-box-symbol wpex-mb-20\"><div class=\"vcex-icon-box-icon wpex-inline-flex wpex-items-center wpex-justify-center wpex-child-inherit-color wpex-text-center wpex-leading-none wpex-text-black\" style=\"color:#5f021f;font-size:26px;\"><span class=\"ticon ticon-language\" aria-hidden=\"true\"><\/span><\/div><\/a><\/div><div class=\"vcex-icon-box-text\"><div class=\"vcex-icon-box-content wpex-last-mb-0 wpex-clr\" style=\"color:#5f021f;font-size:20px;\"><p><strong><a href=\"https:\/\/inmywords.de\/es\/servicios-linguisticos\/interpretacion\">Interpretaci\u00f3n<\/a><\/strong><\/p>\n<\/div><\/div><\/div>[\/vc_column][vc_column width=\u00bb1\/3&#8243;]<div class=\"vcex-module vcex-icon-box vcex-icon-box-five wpex-relative wpex-text-center wpex-p-30 wpex-bg-gray-100 hvr hvr-grow\"><div class=\"vcex-icon-box-symbol wpex-mb-20\"><div class=\"vcex-icon-box-icon wpex-inline-flex wpex-items-center wpex-justify-center wpex-child-inherit-color wpex-text-center wpex-leading-none wpex-text-black\" style=\"color:#5f021f;\"><span class=\"ticon ticon-pencil-square-o\" aria-hidden=\"true\"><\/span><\/div><\/a><\/div><div class=\"vcex-icon-box-text\"><div class=\"vcex-icon-box-content wpex-last-mb-0 wpex-clr\" style=\"color:#5f021f;font-size:20px;\"><p><a href=\"https:\/\/inmywords.de\/es\/servicios-linguisticos\/traduccion\"><strong>Traducci\u00f3n<\/strong><\/a><\/p>\n<\/div><\/div><\/div>[\/vc_column][vc_column width=\u00bb1\/3&#8243;]<div class=\"vcex-module vcex-icon-box vcex-icon-box-five wpex-relative wpex-text-center wpex-p-30 wpex-bg-gray-100 hvr hvr-grow\"><div class=\"vcex-icon-box-symbol wpex-mb-20\"><div class=\"vcex-icon-box-icon wpex-inline-flex wpex-items-center wpex-justify-center wpex-child-inherit-color wpex-text-center wpex-leading-none wpex-text-black\" style=\"color:#5f021f;\"><span class=\"ticon ticon-check-square-o\" aria-hidden=\"true\"><\/span><\/div><\/a><\/div><div class=\"vcex-icon-box-text\"><div class=\"vcex-icon-box-content wpex-last-mb-0 wpex-clr\" style=\"color:#5f021f;font-size:20px;\"><p><a href=\"https:\/\/inmywords.de\/es\/servicios-linguisticos\/lectorado\"><strong>Lectorado<\/strong><\/a><\/p>\n<\/div><\/div><\/div>[\/vc_column][\/vc_row][vc_row center_row=\u00bb\u00bb][vc_column width=\u00bb1\/3&#8243;]<div class=\"vcex-module vcex-icon-box vcex-icon-box-five wpex-relative wpex-text-center wpex-p-30 wpex-bg-gray-100 hvr hvr-grow\"><div class=\"vcex-icon-box-symbol wpex-mb-20\"><div class=\"vcex-icon-box-icon wpex-inline-flex wpex-items-center wpex-justify-center wpex-child-inherit-color wpex-text-center wpex-leading-none wpex-text-black\" style=\"color:#5f021f;\"><span class=\"ticon ticon-globe\" aria-hidden=\"true\"><\/span><\/div><\/a><\/div><div class=\"vcex-icon-box-text\"><div class=\"vcex-icon-box-content wpex-last-mb-0 wpex-clr\" style=\"color:#5f021f;font-size:20px;\"><p><a href=\"https:\/\/inmywords.de\/sprachdienstleistungen\/reisebegleitung\"><strong>\u00a0Gu\u00eda tur\u00edstica<\/strong><\/a><\/p>\n<\/div><\/div><\/div>[\/vc_column][vc_column width=\u00bb1\/3&#8243;]<div class=\"vcex-module vcex-icon-box vcex-icon-box-five wpex-relative wpex-text-center wpex-p-30 wpex-bg-gray-100 hvr hvr-grow\"><div class=\"vcex-icon-box-symbol wpex-mb-20\"><div class=\"vcex-icon-box-icon wpex-inline-flex wpex-items-center wpex-justify-center wpex-child-inherit-color wpex-text-center wpex-leading-none wpex-text-black\" style=\"color:#5f021f;\"><span class=\"ticon ticon-comments-o\" aria-hidden=\"true\"><\/span><\/div><\/div><div class=\"vcex-icon-box-text\"><div class=\"vcex-icon-box-content wpex-last-mb-0 wpex-clr\" style=\"color:#5f021f;font-size:20px;\"><p><strong>Formaci\u00f3n de idiomas<\/strong><\/p>\n<\/div><\/div><\/div>[\/vc_column][vc_column width=\u00bb1\/3&#8243;]<div class=\"vcex-module vcex-icon-box vcex-icon-box-five wpex-relative wpex-text-center wpex-p-30 wpex-bg-gray-100 hvr hvr-grow\"><div class=\"vcex-icon-box-symbol wpex-mb-20\"><div class=\"vcex-icon-box-icon wpex-inline-flex wpex-items-center wpex-justify-center wpex-child-inherit-color wpex-text-center wpex-leading-none wpex-text-black\" style=\"color:#5f021f;\"><span class=\"ticon ticon-file-video-o\" aria-hidden=\"true\"><\/span><\/div><\/a><\/div><div class=\"vcex-icon-box-text\"><div class=\"vcex-icon-box-content wpex-last-mb-0 wpex-clr\" style=\"color:#5f021f;font-size:20px;\"><p><a href=\"https:\/\/inmywords.de\/es\/servicios-linguisticos\/substitulaje-incorporacion-de-sonido\"><strong>Subtitulaje<\/strong><\/a><\/p>\n<\/div><\/div><\/div>[\/vc_column][\/vc_row]\n","protected":false},"excerpt":{"rendered":"<p>[vc_row 0=\u00bb\u00bb][vc_column 0=\u00bb\u00bb][vc_column_text 0=\u00bb\u00bb]Aqu\u00ed puede ver los servicios ling\u00fc\u00edsticos que ofrezco para los idiomas Alem\u00e1n (A), Ingl\u00e9s (B ) y Espa\u00f1ol (C) . Haga click en los distinitos art\u00edculos si quiere leer m\u00e1s sobre los diferentes \u00e1mbitos en los que&hellip;<\/p>\n","protected":false},"author":1,"featured_media":0,"parent":0,"menu_order":0,"comment_status":"open","ping_status":"open","template":"","meta":{"_monsterinsights_skip_tracking":false,"_monsterinsights_sitenote_active":false,"_monsterinsights_sitenote_note":"","_monsterinsights_sitenote_category":0,"footnotes":""},"class_list":["post-605","page","type-page","status-publish","hentry","entry","no-media"],"yoast_head":"<!-- This site is optimized with the Yoast SEO plugin v27.4 - https:\/\/yoast.com\/product\/yoast-seo-wordpress\/ -->\n<title>Servicios ling\u00fc\u00edsticos en Alem\u00e1n, Ingl\u00e9s y Espa\u00f1ol<\/title>\n<meta name=\"description\" content=\"Aqu\u00ed puede ver los servicios ling\u00fc\u00edsticos que ofrezco para los idiomas Alem\u00e1n, Ingl\u00e9s y Espa\u00f1ol.\" \/>\n<meta name=\"robots\" content=\"index, follow, max-snippet:-1, max-image-preview:large, max-video-preview:-1\" \/>\n<link rel=\"canonical\" href=\"https:\/\/inmywords.de\/es\/servicios-linguisticos\" \/>\n<meta property=\"og:locale\" content=\"es_ES\" \/>\n<meta property=\"og:type\" content=\"article\" \/>\n<meta property=\"og:title\" content=\"Servicios ling\u00fc\u00edsticos en Alem\u00e1n, Ingl\u00e9s y Espa\u00f1ol\" \/>\n<meta property=\"og:description\" content=\"Aqu\u00ed puede ver los servicios ling\u00fc\u00edsticos que ofrezco para los idiomas Alem\u00e1n, Ingl\u00e9s y Espa\u00f1ol.\" \/>\n<meta property=\"og:url\" content=\"https:\/\/inmywords.de\/es\/servicios-linguisticos\" \/>\n<meta property=\"og:site_name\" content=\"InMyWords\" \/>\n<meta property=\"article:modified_time\" content=\"2018-12-19T09:05:33+00:00\" \/>\n<meta name=\"twitter:card\" content=\"summary_large_image\" \/>\n<meta name=\"twitter:label1\" content=\"Tiempo de lectura\" \/>\n\t<meta name=\"twitter:data1\" content=\"2 minutos\" \/>\n<script type=\"application\/ld+json\" class=\"yoast-schema-graph\">{\"@context\":\"https:\\\/\\\/schema.org\",\"@graph\":[{\"@type\":\"WebPage\",\"@id\":\"https:\\\/\\\/inmywords.de\\\/es\\\/servicios-linguisticos\",\"url\":\"https:\\\/\\\/inmywords.de\\\/es\\\/servicios-linguisticos\",\"name\":\"Servicios ling\u00fc\u00edsticos en Alem\u00e1n, Ingl\u00e9s y Espa\u00f1ol\",\"isPartOf\":{\"@id\":\"https:\\\/\\\/inmywords.de\\\/#website\"},\"datePublished\":\"2017-07-11T15:07:04+00:00\",\"dateModified\":\"2018-12-19T09:05:33+00:00\",\"description\":\"Aqu\u00ed puede ver los servicios ling\u00fc\u00edsticos que ofrezco para los idiomas Alem\u00e1n, Ingl\u00e9s y Espa\u00f1ol.\",\"breadcrumb\":{\"@id\":\"https:\\\/\\\/inmywords.de\\\/es\\\/servicios-linguisticos#breadcrumb\"},\"inLanguage\":\"es\",\"potentialAction\":[{\"@type\":\"ReadAction\",\"target\":[\"https:\\\/\\\/inmywords.de\\\/es\\\/servicios-linguisticos\"]}]},{\"@type\":\"BreadcrumbList\",\"@id\":\"https:\\\/\\\/inmywords.de\\\/es\\\/servicios-linguisticos#breadcrumb\",\"itemListElement\":[{\"@type\":\"ListItem\",\"position\":1,\"name\":\"Home\",\"item\":\"https:\\\/\\\/inmywords.de\\\/es\"},{\"@type\":\"ListItem\",\"position\":2,\"name\":\"Servicios ling\u00fc\u00edsticos en Alem\u00e1n, Ingl\u00e9s y Espa\u00f1ol\"}]},{\"@type\":\"WebSite\",\"@id\":\"https:\\\/\\\/inmywords.de\\\/#website\",\"url\":\"https:\\\/\\\/inmywords.de\\\/\",\"name\":\"InMyWords\",\"description\":\"Myriam Sodjinou - Dolmetscherin &amp; \u00dcbersetzerin\",\"publisher\":{\"@id\":\"https:\\\/\\\/inmywords.de\\\/#organization\"},\"potentialAction\":[{\"@type\":\"SearchAction\",\"target\":{\"@type\":\"EntryPoint\",\"urlTemplate\":\"https:\\\/\\\/inmywords.de\\\/?s={search_term_string}\"},\"query-input\":{\"@type\":\"PropertyValueSpecification\",\"valueRequired\":true,\"valueName\":\"search_term_string\"}}],\"inLanguage\":\"es\"},{\"@type\":\"Organization\",\"@id\":\"https:\\\/\\\/inmywords.de\\\/#organization\",\"name\":\"InMyWords - Myriam Sodjinou\",\"url\":\"https:\\\/\\\/inmywords.de\\\/\",\"logo\":{\"@type\":\"ImageObject\",\"inLanguage\":\"es\",\"@id\":\"https:\\\/\\\/inmywords.de\\\/#\\\/schema\\\/logo\\\/image\\\/\",\"url\":\"https:\\\/\\\/inmywords.de\\\/wp-content\\\/uploads\\\/2016\\\/01\\\/Logo-Ausschnitt-f\u00fcr-Header.png\",\"contentUrl\":\"https:\\\/\\\/inmywords.de\\\/wp-content\\\/uploads\\\/2016\\\/01\\\/Logo-Ausschnitt-f\u00fcr-Header.png\",\"width\":1024,\"height\":280,\"caption\":\"InMyWords - Myriam Sodjinou\"},\"image\":{\"@id\":\"https:\\\/\\\/inmywords.de\\\/#\\\/schema\\\/logo\\\/image\\\/\"}}]}<\/script>\n<!-- \/ Yoast SEO plugin. -->","yoast_head_json":{"title":"Servicios ling\u00fc\u00edsticos en Alem\u00e1n, Ingl\u00e9s y Espa\u00f1ol","description":"Aqu\u00ed puede ver los servicios ling\u00fc\u00edsticos que ofrezco para los idiomas Alem\u00e1n, Ingl\u00e9s y Espa\u00f1ol.","robots":{"index":"index","follow":"follow","max-snippet":"max-snippet:-1","max-image-preview":"max-image-preview:large","max-video-preview":"max-video-preview:-1"},"canonical":"https:\/\/inmywords.de\/es\/servicios-linguisticos","og_locale":"es_ES","og_type":"article","og_title":"Servicios ling\u00fc\u00edsticos en Alem\u00e1n, Ingl\u00e9s y Espa\u00f1ol","og_description":"Aqu\u00ed puede ver los servicios ling\u00fc\u00edsticos que ofrezco para los idiomas Alem\u00e1n, Ingl\u00e9s y Espa\u00f1ol.","og_url":"https:\/\/inmywords.de\/es\/servicios-linguisticos","og_site_name":"InMyWords","article_modified_time":"2018-12-19T09:05:33+00:00","twitter_card":"summary_large_image","twitter_misc":{"Tiempo de lectura":"2 minutos"},"schema":{"@context":"https:\/\/schema.org","@graph":[{"@type":"WebPage","@id":"https:\/\/inmywords.de\/es\/servicios-linguisticos","url":"https:\/\/inmywords.de\/es\/servicios-linguisticos","name":"Servicios ling\u00fc\u00edsticos en Alem\u00e1n, Ingl\u00e9s y Espa\u00f1ol","isPartOf":{"@id":"https:\/\/inmywords.de\/#website"},"datePublished":"2017-07-11T15:07:04+00:00","dateModified":"2018-12-19T09:05:33+00:00","description":"Aqu\u00ed puede ver los servicios ling\u00fc\u00edsticos que ofrezco para los idiomas Alem\u00e1n, Ingl\u00e9s y Espa\u00f1ol.","breadcrumb":{"@id":"https:\/\/inmywords.de\/es\/servicios-linguisticos#breadcrumb"},"inLanguage":"es","potentialAction":[{"@type":"ReadAction","target":["https:\/\/inmywords.de\/es\/servicios-linguisticos"]}]},{"@type":"BreadcrumbList","@id":"https:\/\/inmywords.de\/es\/servicios-linguisticos#breadcrumb","itemListElement":[{"@type":"ListItem","position":1,"name":"Home","item":"https:\/\/inmywords.de\/es"},{"@type":"ListItem","position":2,"name":"Servicios ling\u00fc\u00edsticos en Alem\u00e1n, Ingl\u00e9s y Espa\u00f1ol"}]},{"@type":"WebSite","@id":"https:\/\/inmywords.de\/#website","url":"https:\/\/inmywords.de\/","name":"InMyWords","description":"Myriam Sodjinou - Dolmetscherin &amp; \u00dcbersetzerin","publisher":{"@id":"https:\/\/inmywords.de\/#organization"},"potentialAction":[{"@type":"SearchAction","target":{"@type":"EntryPoint","urlTemplate":"https:\/\/inmywords.de\/?s={search_term_string}"},"query-input":{"@type":"PropertyValueSpecification","valueRequired":true,"valueName":"search_term_string"}}],"inLanguage":"es"},{"@type":"Organization","@id":"https:\/\/inmywords.de\/#organization","name":"InMyWords - Myriam Sodjinou","url":"https:\/\/inmywords.de\/","logo":{"@type":"ImageObject","inLanguage":"es","@id":"https:\/\/inmywords.de\/#\/schema\/logo\/image\/","url":"https:\/\/inmywords.de\/wp-content\/uploads\/2016\/01\/Logo-Ausschnitt-f\u00fcr-Header.png","contentUrl":"https:\/\/inmywords.de\/wp-content\/uploads\/2016\/01\/Logo-Ausschnitt-f\u00fcr-Header.png","width":1024,"height":280,"caption":"InMyWords - Myriam Sodjinou"},"image":{"@id":"https:\/\/inmywords.de\/#\/schema\/logo\/image\/"}}]}},"_links":{"self":[{"href":"https:\/\/inmywords.de\/es\/wp-json\/wp\/v2\/pages\/605","targetHints":{"allow":["GET"]}}],"collection":[{"href":"https:\/\/inmywords.de\/es\/wp-json\/wp\/v2\/pages"}],"about":[{"href":"https:\/\/inmywords.de\/es\/wp-json\/wp\/v2\/types\/page"}],"author":[{"embeddable":true,"href":"https:\/\/inmywords.de\/es\/wp-json\/wp\/v2\/users\/1"}],"replies":[{"embeddable":true,"href":"https:\/\/inmywords.de\/es\/wp-json\/wp\/v2\/comments?post=605"}],"version-history":[{"count":4,"href":"https:\/\/inmywords.de\/es\/wp-json\/wp\/v2\/pages\/605\/revisions"}],"predecessor-version":[{"id":1324,"href":"https:\/\/inmywords.de\/es\/wp-json\/wp\/v2\/pages\/605\/revisions\/1324"}],"wp:attachment":[{"href":"https:\/\/inmywords.de\/es\/wp-json\/wp\/v2\/media?parent=605"}],"curies":[{"name":"wp","href":"https:\/\/api.w.org\/{rel}","templated":true}]}}