{"id":616,"date":"2017-07-12T15:45:02","date_gmt":"2017-07-12T13:45:02","guid":{"rendered":"http:\/\/inmywords.de\/interpretacion-simultanea-consecutiva-y-susurrada"},"modified":"2017-07-12T15:45:03","modified_gmt":"2017-07-12T13:45:03","slug":"interpretacion-simultanea-consecutiva-y-susurrada","status":"publish","type":"page","link":"https:\/\/inmywords.de\/es\/servicios-linguisticos\/interpretacion\/interpretacion-simultanea-consecutiva-y-susurrada","title":{"rendered":"Interpretaci\u00f3n simult\u00e1nea, consecutiva y susurrada"},"content":{"rendered":"[vc_row][vc_column width=\u00bb1\/2&#8243;][vc_column_text]\n<p lang=\"en-US\"><span style=\"font-family: Belleza;\">En la interpretaci\u00f3n simult\u00e1nea y tambi\u00e9n en la susurrada se utiliza la t\u00e9cnica de la interpretaci\u00f3n:<\/span><\/p>\n<p lang=\"en-US\"><span style=\"font-family: Belleza;\">Unas condiciones de trabajo ideales ofrecen cabinas aisladas en las que el int\u00e9rprete recibe el sonido de la sala mediante auriculares y a su vez los participantes en la sala tambi\u00e9n reciben la interpretaci\u00f3n por auriculares. Para que eso funcione sin problemas, todos los implicados deben utilizar un micr\u00f3fono para hablar. <\/span><\/p>\n<p lang=\"en-US\"><span style=\"font-family: Belleza;\">La interpretaci\u00f3n susurrada es una forma de la interpretaci\u00f3n simult\u00e1nea con la diferencia de que el int\u00e9rprete ya no est\u00e1 en cabina sino que, en el caso ideal, est\u00e1 dentro de la sala sentado justo al lado o detr\u00e1s de la persona que necesita la interpretaci\u00f3n. De esta manera se le puede susurrar a dos o tres personas al mismo tiempo. Si son m\u00e1s de tres se suele utlizar un equipo de interpretaci\u00f3n port\u00e1til que consiste en un micr\u00f3fono en el que el int\u00e9rprete habla a voz baja y auriculares para que los que lo necesiten puedan escuchar. <\/span><\/p>\n<p lang=\"es-ES\"><span style=\"font-family: Belleza;\">Tanto en la interpretaci\u00f3n consecutiva como en la interpretaci\u00f3n de conversaci\u00f3n y negociaciones el material de trabajo consiste en un cuaderno de notas, un bol\u00edgrafo y la propia cabeza.<\/span><\/p>\n<p lang=\"es-ES\"><span style=\"font-family: Belleza;\">En este formato habla primero el orador mientras que el int\u00e9rprete toma notas para despu\u00e9s de unos minutos o una secuencia completa, repetir lo dicho en el otro idioma. Es muy importante poder ver bien al orador para entender su m\u00edmica y sus gestos as\u00ed como por supuesto poder escucharlo bien (si es posible con auriculares o posicionando al int\u00e9rprete cerca del orador).<\/span><\/p>\n[\/vc_column_text][\/vc_column][vc_column width=\u00bb1\/2&#8243;]<figure class=\"vcex-module vcex-image-swap wpex-block wpex-relative wpex-mx-auto wpex-max-w-100 wpex-overflow-hidden wpex-clr  wpb_animate_when_almost_visible wpb_left-to-right left-to-right\"><img decoding=\"async\" loading=\"lazy\" class=\"vcex-image-swap-primary wpex-block wpex-relative wpex-z-5 wpex-w-100 wpex-overflow-hidden wpex-transition-opacity wpex-duration-300\" src=\"https:\/\/inmywords.de\/wp-content\/uploads\/2016\/01\/Dolmetscherin-beim-Notieren-blackwhite-200x300.jpg\" alt=\"\" width=\"200\" height=\"300\" \/><img decoding=\"async\" loading=\"lazy\" class=\"vcex-image-swap-secondary wpex-block wpex-absolute wpex-inset-0 wpex-z-1 wpex-w-100 wpex-overflow-hidden\" src=\"https:\/\/inmywords.de\/wp-content\/uploads\/2016\/01\/Simultandolmetschen-blackwhite-200x300.jpg\" alt=\"\" width=\"200\" height=\"300\" \/><\/figure>[\/vc_column][\/vc_row][vc_row][vc_column][\/vc_column][\/vc_row]\n","protected":false},"excerpt":{"rendered":"<p>[vc_row][vc_column width=\u00bb1\/2&#8243;][vc_column_text] En la interpretaci\u00f3n simult\u00e1nea y tambi\u00e9n en la susurrada se utiliza la t\u00e9cnica de la interpretaci\u00f3n: Unas condiciones de trabajo ideales ofrecen cabinas aisladas en las que el int\u00e9rprete recibe el sonido de la sala mediante auriculares y&hellip;<\/p>\n","protected":false},"author":1,"featured_media":0,"parent":625,"menu_order":0,"comment_status":"closed","ping_status":"closed","template":"","meta":{"_monsterinsights_skip_tracking":false,"_monsterinsights_sitenote_active":false,"_monsterinsights_sitenote_note":"","_monsterinsights_sitenote_category":0,"footnotes":""},"class_list":["post-616","page","type-page","status-publish","hentry","entry","no-media"],"yoast_head":"<!-- This site is optimized with the Yoast SEO plugin v27.4 - https:\/\/yoast.com\/product\/yoast-seo-wordpress\/ -->\n<title>Interpretaci\u00f3n simult\u00e1nea, consecutiva y susurrada - InMyWords<\/title>\n<meta name=\"robots\" content=\"index, follow, max-snippet:-1, max-image-preview:large, max-video-preview:-1\" \/>\n<link rel=\"canonical\" href=\"https:\/\/inmywords.de\/es\/servicios-linguisticos\/interpretacion\/interpretacion-simultanea-consecutiva-y-susurrada\" \/>\n<meta property=\"og:locale\" content=\"es_ES\" \/>\n<meta property=\"og:type\" content=\"article\" \/>\n<meta property=\"og:title\" content=\"Interpretaci\u00f3n simult\u00e1nea, consecutiva y susurrada - InMyWords\" \/>\n<meta property=\"og:description\" content=\"[vc_row][vc_column width=\u00bb1\/2&#8243;][vc_column_text] En la interpretaci\u00f3n simult\u00e1nea y tambi\u00e9n en la susurrada se utiliza la t\u00e9cnica de la interpretaci\u00f3n: Unas condiciones de trabajo ideales ofrecen cabinas aisladas en las que el int\u00e9rprete recibe el sonido de la sala mediante auriculares y&hellip;\" \/>\n<meta property=\"og:url\" content=\"https:\/\/inmywords.de\/es\/servicios-linguisticos\/interpretacion\/interpretacion-simultanea-consecutiva-y-susurrada\" \/>\n<meta property=\"og:site_name\" content=\"InMyWords\" \/>\n<meta property=\"article:modified_time\" content=\"2017-07-12T13:45:03+00:00\" \/>\n<meta name=\"twitter:card\" content=\"summary_large_image\" \/>\n<meta name=\"twitter:label1\" content=\"Tiempo de lectura\" \/>\n\t<meta name=\"twitter:data1\" content=\"2 minutos\" \/>\n<script type=\"application\/ld+json\" class=\"yoast-schema-graph\">{\"@context\":\"https:\\\/\\\/schema.org\",\"@graph\":[{\"@type\":\"WebPage\",\"@id\":\"https:\\\/\\\/inmywords.de\\\/es\\\/servicios-linguisticos\\\/interpretacion\\\/interpretacion-simultanea-consecutiva-y-susurrada\",\"url\":\"https:\\\/\\\/inmywords.de\\\/es\\\/servicios-linguisticos\\\/interpretacion\\\/interpretacion-simultanea-consecutiva-y-susurrada\",\"name\":\"Interpretaci\u00f3n simult\u00e1nea, consecutiva y susurrada - InMyWords\",\"isPartOf\":{\"@id\":\"https:\\\/\\\/inmywords.de\\\/#website\"},\"datePublished\":\"2017-07-12T13:45:02+00:00\",\"dateModified\":\"2017-07-12T13:45:03+00:00\",\"breadcrumb\":{\"@id\":\"https:\\\/\\\/inmywords.de\\\/es\\\/servicios-linguisticos\\\/interpretacion\\\/interpretacion-simultanea-consecutiva-y-susurrada#breadcrumb\"},\"inLanguage\":\"es\",\"potentialAction\":[{\"@type\":\"ReadAction\",\"target\":[\"https:\\\/\\\/inmywords.de\\\/es\\\/servicios-linguisticos\\\/interpretacion\\\/interpretacion-simultanea-consecutiva-y-susurrada\"]}]},{\"@type\":\"BreadcrumbList\",\"@id\":\"https:\\\/\\\/inmywords.de\\\/es\\\/servicios-linguisticos\\\/interpretacion\\\/interpretacion-simultanea-consecutiva-y-susurrada#breadcrumb\",\"itemListElement\":[{\"@type\":\"ListItem\",\"position\":1,\"name\":\"Home\",\"item\":\"https:\\\/\\\/inmywords.de\\\/es\"},{\"@type\":\"ListItem\",\"position\":2,\"name\":\"Servicios ling\u00fc\u00edsticos en Alem\u00e1n, Ingl\u00e9s y Espa\u00f1ol\",\"item\":\"https:\\\/\\\/inmywords.de\\\/es\\\/servicios-linguisticos\"},{\"@type\":\"ListItem\",\"position\":3,\"name\":\"Interpretaci\u00f3n en difrenetes ocasiones en alem\u00e1n, ingl\u00e9s y espa\u00f1ol\",\"item\":\"https:\\\/\\\/inmywords.de\\\/es\\\/servicios-linguisticos\\\/interpretacion\"},{\"@type\":\"ListItem\",\"position\":4,\"name\":\"Interpretaci\u00f3n simult\u00e1nea, consecutiva y susurrada\"}]},{\"@type\":\"WebSite\",\"@id\":\"https:\\\/\\\/inmywords.de\\\/#website\",\"url\":\"https:\\\/\\\/inmywords.de\\\/\",\"name\":\"InMyWords\",\"description\":\"Myriam Sodjinou - Dolmetscherin &amp; \u00dcbersetzerin\",\"publisher\":{\"@id\":\"https:\\\/\\\/inmywords.de\\\/#organization\"},\"potentialAction\":[{\"@type\":\"SearchAction\",\"target\":{\"@type\":\"EntryPoint\",\"urlTemplate\":\"https:\\\/\\\/inmywords.de\\\/?s={search_term_string}\"},\"query-input\":{\"@type\":\"PropertyValueSpecification\",\"valueRequired\":true,\"valueName\":\"search_term_string\"}}],\"inLanguage\":\"es\"},{\"@type\":\"Organization\",\"@id\":\"https:\\\/\\\/inmywords.de\\\/#organization\",\"name\":\"InMyWords - Myriam Sodjinou\",\"url\":\"https:\\\/\\\/inmywords.de\\\/\",\"logo\":{\"@type\":\"ImageObject\",\"inLanguage\":\"es\",\"@id\":\"https:\\\/\\\/inmywords.de\\\/#\\\/schema\\\/logo\\\/image\\\/\",\"url\":\"https:\\\/\\\/inmywords.de\\\/wp-content\\\/uploads\\\/2016\\\/01\\\/Logo-Ausschnitt-f\u00fcr-Header.png\",\"contentUrl\":\"https:\\\/\\\/inmywords.de\\\/wp-content\\\/uploads\\\/2016\\\/01\\\/Logo-Ausschnitt-f\u00fcr-Header.png\",\"width\":1024,\"height\":280,\"caption\":\"InMyWords - Myriam Sodjinou\"},\"image\":{\"@id\":\"https:\\\/\\\/inmywords.de\\\/#\\\/schema\\\/logo\\\/image\\\/\"}}]}<\/script>\n<!-- \/ Yoast SEO plugin. -->","yoast_head_json":{"title":"Interpretaci\u00f3n simult\u00e1nea, consecutiva y susurrada - InMyWords","robots":{"index":"index","follow":"follow","max-snippet":"max-snippet:-1","max-image-preview":"max-image-preview:large","max-video-preview":"max-video-preview:-1"},"canonical":"https:\/\/inmywords.de\/es\/servicios-linguisticos\/interpretacion\/interpretacion-simultanea-consecutiva-y-susurrada","og_locale":"es_ES","og_type":"article","og_title":"Interpretaci\u00f3n simult\u00e1nea, consecutiva y susurrada - InMyWords","og_description":"[vc_row][vc_column width=\u00bb1\/2&#8243;][vc_column_text] En la interpretaci\u00f3n simult\u00e1nea y tambi\u00e9n en la susurrada se utiliza la t\u00e9cnica de la interpretaci\u00f3n: Unas condiciones de trabajo ideales ofrecen cabinas aisladas en las que el int\u00e9rprete recibe el sonido de la sala mediante auriculares y&hellip;","og_url":"https:\/\/inmywords.de\/es\/servicios-linguisticos\/interpretacion\/interpretacion-simultanea-consecutiva-y-susurrada","og_site_name":"InMyWords","article_modified_time":"2017-07-12T13:45:03+00:00","twitter_card":"summary_large_image","twitter_misc":{"Tiempo de lectura":"2 minutos"},"schema":{"@context":"https:\/\/schema.org","@graph":[{"@type":"WebPage","@id":"https:\/\/inmywords.de\/es\/servicios-linguisticos\/interpretacion\/interpretacion-simultanea-consecutiva-y-susurrada","url":"https:\/\/inmywords.de\/es\/servicios-linguisticos\/interpretacion\/interpretacion-simultanea-consecutiva-y-susurrada","name":"Interpretaci\u00f3n simult\u00e1nea, consecutiva y susurrada - InMyWords","isPartOf":{"@id":"https:\/\/inmywords.de\/#website"},"datePublished":"2017-07-12T13:45:02+00:00","dateModified":"2017-07-12T13:45:03+00:00","breadcrumb":{"@id":"https:\/\/inmywords.de\/es\/servicios-linguisticos\/interpretacion\/interpretacion-simultanea-consecutiva-y-susurrada#breadcrumb"},"inLanguage":"es","potentialAction":[{"@type":"ReadAction","target":["https:\/\/inmywords.de\/es\/servicios-linguisticos\/interpretacion\/interpretacion-simultanea-consecutiva-y-susurrada"]}]},{"@type":"BreadcrumbList","@id":"https:\/\/inmywords.de\/es\/servicios-linguisticos\/interpretacion\/interpretacion-simultanea-consecutiva-y-susurrada#breadcrumb","itemListElement":[{"@type":"ListItem","position":1,"name":"Home","item":"https:\/\/inmywords.de\/es"},{"@type":"ListItem","position":2,"name":"Servicios ling\u00fc\u00edsticos en Alem\u00e1n, Ingl\u00e9s y Espa\u00f1ol","item":"https:\/\/inmywords.de\/es\/servicios-linguisticos"},{"@type":"ListItem","position":3,"name":"Interpretaci\u00f3n en difrenetes ocasiones en alem\u00e1n, ingl\u00e9s y espa\u00f1ol","item":"https:\/\/inmywords.de\/es\/servicios-linguisticos\/interpretacion"},{"@type":"ListItem","position":4,"name":"Interpretaci\u00f3n simult\u00e1nea, consecutiva y susurrada"}]},{"@type":"WebSite","@id":"https:\/\/inmywords.de\/#website","url":"https:\/\/inmywords.de\/","name":"InMyWords","description":"Myriam Sodjinou - Dolmetscherin &amp; \u00dcbersetzerin","publisher":{"@id":"https:\/\/inmywords.de\/#organization"},"potentialAction":[{"@type":"SearchAction","target":{"@type":"EntryPoint","urlTemplate":"https:\/\/inmywords.de\/?s={search_term_string}"},"query-input":{"@type":"PropertyValueSpecification","valueRequired":true,"valueName":"search_term_string"}}],"inLanguage":"es"},{"@type":"Organization","@id":"https:\/\/inmywords.de\/#organization","name":"InMyWords - Myriam Sodjinou","url":"https:\/\/inmywords.de\/","logo":{"@type":"ImageObject","inLanguage":"es","@id":"https:\/\/inmywords.de\/#\/schema\/logo\/image\/","url":"https:\/\/inmywords.de\/wp-content\/uploads\/2016\/01\/Logo-Ausschnitt-f\u00fcr-Header.png","contentUrl":"https:\/\/inmywords.de\/wp-content\/uploads\/2016\/01\/Logo-Ausschnitt-f\u00fcr-Header.png","width":1024,"height":280,"caption":"InMyWords - Myriam Sodjinou"},"image":{"@id":"https:\/\/inmywords.de\/#\/schema\/logo\/image\/"}}]}},"_links":{"self":[{"href":"https:\/\/inmywords.de\/es\/wp-json\/wp\/v2\/pages\/616","targetHints":{"allow":["GET"]}}],"collection":[{"href":"https:\/\/inmywords.de\/es\/wp-json\/wp\/v2\/pages"}],"about":[{"href":"https:\/\/inmywords.de\/es\/wp-json\/wp\/v2\/types\/page"}],"author":[{"embeddable":true,"href":"https:\/\/inmywords.de\/es\/wp-json\/wp\/v2\/users\/1"}],"replies":[{"embeddable":true,"href":"https:\/\/inmywords.de\/es\/wp-json\/wp\/v2\/comments?post=616"}],"version-history":[{"count":1,"href":"https:\/\/inmywords.de\/es\/wp-json\/wp\/v2\/pages\/616\/revisions"}],"predecessor-version":[{"id":618,"href":"https:\/\/inmywords.de\/es\/wp-json\/wp\/v2\/pages\/616\/revisions\/618"}],"up":[{"embeddable":true,"href":"https:\/\/inmywords.de\/es\/wp-json\/wp\/v2\/pages\/625"}],"wp:attachment":[{"href":"https:\/\/inmywords.de\/es\/wp-json\/wp\/v2\/media?parent=616"}],"curies":[{"name":"wp","href":"https:\/\/api.w.org\/{rel}","templated":true}]}}