{"id":625,"date":"2017-07-12T16:30:26","date_gmt":"2017-07-12T14:30:26","guid":{"rendered":"http:\/\/inmywords.de\/servicios-lingueisticos-en-aleman-ingles-y-espanol\/interpretacion-en-difrenetes-ocasiones-en-aleman-ingles-y-espanol"},"modified":"2017-07-13T16:58:36","modified_gmt":"2017-07-13T14:58:36","slug":"interpretacion","status":"publish","type":"page","link":"https:\/\/inmywords.de\/es\/servicios-linguisticos\/interpretacion","title":{"rendered":"Interpretaci\u00f3n en difrenetes ocasiones en alem\u00e1n, ingl\u00e9s y espa\u00f1ol"},"content":{"rendered":"[vc_row center_row=\u00bb\u00bb][vc_column][vc_column_text]\n<p lang=\"en-US\"><span style=\"font-family: Belleza;\"><strong>Hay varias formas de interpretaci\u00f3n.<\/strong> En general, se distingue entre interpretaci\u00f3n de conferencias, el &#8216;Community Interpreting&#8217; (interpretaci\u00f3n para autoridades locales, distintas oficinas y en la polic\u00eda) y la interpretaci\u00f3n jur\u00eddica.<\/span><\/p>\n[\/vc_column_text][\/vc_column][\/vc_row][vc_row center_row=\u00bb\u00bb][vc_column][vc_column_text]\n<figure id=\"attachment_400\" aria-describedby=\"caption-attachment-400\" style=\"width: 200px\" class=\"wp-caption alignleft\"><img loading=\"lazy\" decoding=\"async\" class=\"wp-image-400 size-medium\" title=\"Dolmetscherin in der Kabine\" src=\"http:\/\/inmywords.de\/wp-content\/uploads\/2016\/01\/Dolmetscherin-in-Aktion-200x300.jpg\" alt=\"Dolmetscherin in der Kabine\" width=\"200\" height=\"300\" srcset=\"https:\/\/inmywords.de\/wp-content\/uploads\/2016\/01\/Dolmetscherin-in-Aktion-200x300.jpg 200w, https:\/\/inmywords.de\/wp-content\/uploads\/2016\/01\/Dolmetscherin-in-Aktion.jpg 681w\" sizes=\"auto, (max-width: 200px) 100vw, 200px\" \/><figcaption id=\"caption-attachment-400\" class=\"wp-caption-text\"><span style=\"font-family: Belleza;\">Int\u00e9rprete simult\u00e1nea en acci\u00f3n<\/span><\/figcaption><\/figure>\n<p>&nbsp;<\/p>\n<p><span style=\"font-family: Belleza;\"><span lang=\"en-US\">La peque<\/span><span lang=\"en-US\">\u00f1<\/span><span lang=\"en-US\">a pero significativa diferencia entre la interpretaci\u00f3n y la traducci\u00f3n es, que en la interpretaci\u00f3n el mensaje es trasmitido de forma oral a otro idioma, mientras que el traductor produce un texto escrito en el idioma de destino. <\/span><\/span><\/p>\n<p lang=\"en-US\"><span style=\"font-family: Belleza;\">En muchos casos se comete el error de referirse a una \u201ctraducci\u00f3n simult\u00e1nea\u201do \u201csincr\u00f3nica\u201d cuando en realidad es muy dif\u00edcil realizar una traducci\u00f3n (escrita) de forma simult\u00e1nea o sincr\u00f3nica. <\/span><\/p>\n<p><span style=\"font-family: Belleza;\"><span lang=\"es-ES\"><strong>Los int\u00e9rpretes de conferencia<\/strong> no s\u00f3lo trabajan en grandes conferencias internacionales sino en todo tipo de <strong>eventos donde los participantes hablan en diferentes idiomas<\/strong>. <\/span><span lang=\"en-US\">Puede ser una entrega de premios, una reuni\u00f3n importante, un debate o una lectura ante un gran p\u00fablico as\u00ed como una reuni\u00f3n confidencial entre socios , una formaci\u00f3n de varios d\u00edas o la visita a una f\u00e1brica. <\/span><\/span><\/p>\n<p lang=\"en-US\"><span style=\"font-family: Belleza;\">Dependiendo de la ocasi\u00f3n se elige entre los modos de interpretaci\u00f3n simult\u00e1nea, consecutiva o susurrada. <\/span><\/p>\n<figure id=\"attachment_393\" aria-describedby=\"caption-attachment-393\" style=\"width: 300px\" class=\"wp-caption alignright\"><img loading=\"lazy\" decoding=\"async\" class=\"wp-image-393 size-medium\" src=\"http:\/\/inmywords.de\/wp-content\/uploads\/2016\/01\/DSC3911-300x200.jpg\" alt=\"\" width=\"300\" height=\"200\" srcset=\"https:\/\/inmywords.de\/wp-content\/uploads\/2016\/01\/DSC3911-300x200.jpg 300w, https:\/\/inmywords.de\/wp-content\/uploads\/2016\/01\/DSC3911-768x511.jpg 768w, https:\/\/inmywords.de\/wp-content\/uploads\/2016\/01\/DSC3911.jpg 1024w\" sizes=\"auto, (max-width: 300px) 100vw, 300px\" \/><figcaption id=\"caption-attachment-393\" class=\"wp-caption-text\"><span style=\"font-family: Belleza;\">\u00a1En la cabina los int\u00e9rpretes trabajan en equipo!<\/span><\/figcaption><\/figure>\n<p>&nbsp;<\/p>\n<p lang=\"en-US\"><span style=\"font-family: Belleza;\">Para que la interpretaci\u00f3n funcione sin problemas se tienen que cumplir ciertos criterios al igual que las condiciones t\u00e9cnicas. <\/span><\/p>\n<p lang=\"es-ES\"><strong><span style=\"font-family: Belleza;\">\u00a1La interpretaci\u00f3n es un trabajo en equipo!<br \/>\n<\/span><\/strong><span style=\"font-family: Belleza;\">Por lo menos en la mayor\u00eda de los casos. <strong>En la cabina<\/strong> se suele trabajar <strong>de dos en dos<\/strong>, a veces tambi\u00e9n de tres en tres, y los int\u00e9rpretes se turnan cada 15 \u00f3 30 minutos. <\/span><\/p>\n<p lang=\"en-US\"><span style=\"font-family: Belleza;\">Como una <strong>interpretaci\u00f3n consecutiva<\/strong> no suele durar un d\u00eda completo , sino s\u00f3lo el rato de una conversaci\u00f3n, una presentaci\u00f3n o un discurso, en esos casos se puede contratar a <strong>un solo \/ una sola int\u00e9rprete<\/strong>. <\/span><\/p>\n[\/vc_column_text][vc_column_text]<span style=\"font-family: Belleza;\"><span lang=\"en-US\">Si desea usted <strong>asesoramiento a la hora de contratar a un equipo de int\u00e9rpretes<\/strong> le ofrezco mi ayuda con mucho gusto. Dispongo de <strong>una red de compa<\/strong><\/span><strong><span lang=\"en-US\">\u00f1<\/span><\/strong><span lang=\"en-US\"><strong>ero\/as cualificado\/as<\/strong> con los que cuento para eventos mayores.<\/span><\/span><\/p>\n<p lang=\"en-US\"><span style=\"font-family: Belleza;\">Por supesto tambi\u00e9n les puedo recomendar <strong>especialistas para otros idiomas<\/strong> que yo misma no puedo ofrecer. <\/span><\/p>\n[\/vc_column_text][\/vc_column][\/vc_row][vc_row center_row=\u00bb\u00bb][vc_column]<h2 class=\"vcex-heading vcex-module wpex-text-2xl wpex-font-normal wpex-m-auto wpex-max-w-100 vcex-heading-plain wpex-block\"><span class=\"vcex-heading-inner wpex-inline-block wpex-clr\">\u00bfY cu\u00e1nto cuesta contratar a un int\u00e9rprete?<\/span><\/h2>[vc_column_text]\n<p lang=\"en-US\"><span style=\"font-family: Belleza;\">En la interpretaci\u00f3n se suele estipular un sueldo de una jornada completa que incluye tanto preparaci\u00f3n como actividades relacionadas con el trabajo realizado (tr\u00e1mites burocr\u00e1ticos etc..). <\/span><\/p>\n<p lang=\"en-US\"><span style=\"font-family: Belleza;\">Antes de cualquier trabajo de interpretaci\u00f3n los int\u00e9rpretes tienen que prepararse a fondo la t\u00e9matica, la terminolog\u00eda y el trasfondo as\u00ed como una primera toma de contacto con el material que el cliente ponga a disposici\u00f3n.<\/span><\/p>\n<p lang=\"en-US\"><span style=\"font-family: Belleza;\">Bas\u00e1ndome en las condiciones marco del evento (el tema, el formato, las horas de trabajo etc) le puedo hacer una oferta individual. Envi\u00e9me una solicitud sin compromiso. Tambi\u00e9n me puede llamar por tel\u00e9fono para aclarar detalles importantes de manera inmediata. <\/span><\/p>\n[\/vc_column_text][\/vc_column][\/vc_row]\n","protected":false},"excerpt":{"rendered":"<p>[vc_row center_row=\u00bb\u00bb][vc_column][vc_column_text] Hay varias formas de interpretaci\u00f3n. En general, se distingue entre interpretaci\u00f3n de conferencias, el &#8216;Community Interpreting&#8217; (interpretaci\u00f3n para autoridades locales, distintas oficinas y en la polic\u00eda) y la interpretaci\u00f3n jur\u00eddica. [\/vc_column_text][\/vc_column][\/vc_row][vc_row center_row=\u00bb\u00bb][vc_column][vc_column_text] &nbsp; La peque\u00f1a pero significativa diferencia&hellip;<\/p>\n","protected":false},"author":1,"featured_media":0,"parent":605,"menu_order":0,"comment_status":"closed","ping_status":"closed","template":"","meta":{"_monsterinsights_skip_tracking":false,"_monsterinsights_sitenote_active":false,"_monsterinsights_sitenote_note":"","_monsterinsights_sitenote_category":0,"footnotes":""},"class_list":["post-625","page","type-page","status-publish","hentry","entry","no-media"],"yoast_head":"<!-- This site is optimized with the Yoast SEO plugin v27.4 - https:\/\/yoast.com\/product\/yoast-seo-wordpress\/ -->\n<title>Interpretaci\u00f3n en difrenetes ocasiones - alem\u00e1n, ingl\u00e9s, espa\u00f1ol<\/title>\n<meta name=\"description\" content=\"Hay varias formas de interpretaci\u00f3n: interpretaci\u00f3n de conferencias, el &#039;Community Interpreting&#039; (interpretaci\u00f3n para autoridades locales, distintas oficinas y en la polic\u00eda)...\" \/>\n<meta name=\"robots\" content=\"index, follow, max-snippet:-1, max-image-preview:large, max-video-preview:-1\" \/>\n<link rel=\"canonical\" href=\"https:\/\/inmywords.de\/es\/servicios-linguisticos\/interpretacion\" \/>\n<meta property=\"og:locale\" content=\"es_ES\" \/>\n<meta property=\"og:type\" content=\"article\" \/>\n<meta property=\"og:title\" content=\"Interpretaci\u00f3n en difrenetes ocasiones - alem\u00e1n, ingl\u00e9s, espa\u00f1ol\" \/>\n<meta property=\"og:description\" content=\"Hay varias formas de interpretaci\u00f3n: interpretaci\u00f3n de conferencias, el &#039;Community Interpreting&#039; (interpretaci\u00f3n para autoridades locales, distintas oficinas y en la polic\u00eda)...\" \/>\n<meta property=\"og:url\" content=\"https:\/\/inmywords.de\/es\/servicios-linguisticos\/interpretacion\" \/>\n<meta property=\"og:site_name\" content=\"InMyWords\" \/>\n<meta property=\"article:modified_time\" content=\"2017-07-13T14:58:36+00:00\" \/>\n<meta property=\"og:image\" content=\"http:\/\/inmywords.de\/wp-content\/uploads\/2016\/01\/Dolmetscherin-in-Aktion-200x300.jpg\" \/>\n<meta name=\"twitter:card\" content=\"summary_large_image\" \/>\n<meta name=\"twitter:label1\" content=\"Tiempo de lectura\" \/>\n\t<meta name=\"twitter:data1\" content=\"3 minutos\" \/>\n<script type=\"application\/ld+json\" class=\"yoast-schema-graph\">{\"@context\":\"https:\\\/\\\/schema.org\",\"@graph\":[{\"@type\":\"WebPage\",\"@id\":\"https:\\\/\\\/inmywords.de\\\/es\\\/servicios-linguisticos\\\/interpretacion\",\"url\":\"https:\\\/\\\/inmywords.de\\\/es\\\/servicios-linguisticos\\\/interpretacion\",\"name\":\"Interpretaci\u00f3n en difrenetes ocasiones - alem\u00e1n, ingl\u00e9s, espa\u00f1ol\",\"isPartOf\":{\"@id\":\"https:\\\/\\\/inmywords.de\\\/#website\"},\"primaryImageOfPage\":{\"@id\":\"https:\\\/\\\/inmywords.de\\\/es\\\/servicios-linguisticos\\\/interpretacion#primaryimage\"},\"image\":{\"@id\":\"https:\\\/\\\/inmywords.de\\\/es\\\/servicios-linguisticos\\\/interpretacion#primaryimage\"},\"thumbnailUrl\":\"http:\\\/\\\/inmywords.de\\\/wp-content\\\/uploads\\\/2016\\\/01\\\/Dolmetscherin-in-Aktion-200x300.jpg\",\"datePublished\":\"2017-07-12T14:30:26+00:00\",\"dateModified\":\"2017-07-13T14:58:36+00:00\",\"description\":\"Hay varias formas de interpretaci\u00f3n: interpretaci\u00f3n de conferencias, el 'Community Interpreting' (interpretaci\u00f3n para autoridades locales, distintas oficinas y en la polic\u00eda)...\",\"breadcrumb\":{\"@id\":\"https:\\\/\\\/inmywords.de\\\/es\\\/servicios-linguisticos\\\/interpretacion#breadcrumb\"},\"inLanguage\":\"es\",\"potentialAction\":[{\"@type\":\"ReadAction\",\"target\":[\"https:\\\/\\\/inmywords.de\\\/es\\\/servicios-linguisticos\\\/interpretacion\"]}]},{\"@type\":\"ImageObject\",\"inLanguage\":\"es\",\"@id\":\"https:\\\/\\\/inmywords.de\\\/es\\\/servicios-linguisticos\\\/interpretacion#primaryimage\",\"url\":\"http:\\\/\\\/inmywords.de\\\/wp-content\\\/uploads\\\/2016\\\/01\\\/Dolmetscherin-in-Aktion-200x300.jpg\",\"contentUrl\":\"http:\\\/\\\/inmywords.de\\\/wp-content\\\/uploads\\\/2016\\\/01\\\/Dolmetscherin-in-Aktion-200x300.jpg\"},{\"@type\":\"BreadcrumbList\",\"@id\":\"https:\\\/\\\/inmywords.de\\\/es\\\/servicios-linguisticos\\\/interpretacion#breadcrumb\",\"itemListElement\":[{\"@type\":\"ListItem\",\"position\":1,\"name\":\"Home\",\"item\":\"https:\\\/\\\/inmywords.de\\\/es\"},{\"@type\":\"ListItem\",\"position\":2,\"name\":\"Servicios ling\u00fc\u00edsticos en Alem\u00e1n, Ingl\u00e9s y Espa\u00f1ol\",\"item\":\"https:\\\/\\\/inmywords.de\\\/es\\\/servicios-linguisticos\"},{\"@type\":\"ListItem\",\"position\":3,\"name\":\"Interpretaci\u00f3n en difrenetes ocasiones en alem\u00e1n, ingl\u00e9s y espa\u00f1ol\"}]},{\"@type\":\"WebSite\",\"@id\":\"https:\\\/\\\/inmywords.de\\\/#website\",\"url\":\"https:\\\/\\\/inmywords.de\\\/\",\"name\":\"InMyWords\",\"description\":\"Myriam Sodjinou - Dolmetscherin &amp; \u00dcbersetzerin\",\"publisher\":{\"@id\":\"https:\\\/\\\/inmywords.de\\\/#organization\"},\"potentialAction\":[{\"@type\":\"SearchAction\",\"target\":{\"@type\":\"EntryPoint\",\"urlTemplate\":\"https:\\\/\\\/inmywords.de\\\/?s={search_term_string}\"},\"query-input\":{\"@type\":\"PropertyValueSpecification\",\"valueRequired\":true,\"valueName\":\"search_term_string\"}}],\"inLanguage\":\"es\"},{\"@type\":\"Organization\",\"@id\":\"https:\\\/\\\/inmywords.de\\\/#organization\",\"name\":\"InMyWords - Myriam Sodjinou\",\"url\":\"https:\\\/\\\/inmywords.de\\\/\",\"logo\":{\"@type\":\"ImageObject\",\"inLanguage\":\"es\",\"@id\":\"https:\\\/\\\/inmywords.de\\\/#\\\/schema\\\/logo\\\/image\\\/\",\"url\":\"https:\\\/\\\/inmywords.de\\\/wp-content\\\/uploads\\\/2016\\\/01\\\/Logo-Ausschnitt-f\u00fcr-Header.png\",\"contentUrl\":\"https:\\\/\\\/inmywords.de\\\/wp-content\\\/uploads\\\/2016\\\/01\\\/Logo-Ausschnitt-f\u00fcr-Header.png\",\"width\":1024,\"height\":280,\"caption\":\"InMyWords - Myriam Sodjinou\"},\"image\":{\"@id\":\"https:\\\/\\\/inmywords.de\\\/#\\\/schema\\\/logo\\\/image\\\/\"}}]}<\/script>\n<!-- \/ Yoast SEO plugin. -->","yoast_head_json":{"title":"Interpretaci\u00f3n en difrenetes ocasiones - alem\u00e1n, ingl\u00e9s, espa\u00f1ol","description":"Hay varias formas de interpretaci\u00f3n: interpretaci\u00f3n de conferencias, el 'Community Interpreting' (interpretaci\u00f3n para autoridades locales, distintas oficinas y en la polic\u00eda)...","robots":{"index":"index","follow":"follow","max-snippet":"max-snippet:-1","max-image-preview":"max-image-preview:large","max-video-preview":"max-video-preview:-1"},"canonical":"https:\/\/inmywords.de\/es\/servicios-linguisticos\/interpretacion","og_locale":"es_ES","og_type":"article","og_title":"Interpretaci\u00f3n en difrenetes ocasiones - alem\u00e1n, ingl\u00e9s, espa\u00f1ol","og_description":"Hay varias formas de interpretaci\u00f3n: interpretaci\u00f3n de conferencias, el 'Community Interpreting' (interpretaci\u00f3n para autoridades locales, distintas oficinas y en la polic\u00eda)...","og_url":"https:\/\/inmywords.de\/es\/servicios-linguisticos\/interpretacion","og_site_name":"InMyWords","article_modified_time":"2017-07-13T14:58:36+00:00","og_image":[{"url":"http:\/\/inmywords.de\/wp-content\/uploads\/2016\/01\/Dolmetscherin-in-Aktion-200x300.jpg","type":"","width":"","height":""}],"twitter_card":"summary_large_image","twitter_misc":{"Tiempo de lectura":"3 minutos"},"schema":{"@context":"https:\/\/schema.org","@graph":[{"@type":"WebPage","@id":"https:\/\/inmywords.de\/es\/servicios-linguisticos\/interpretacion","url":"https:\/\/inmywords.de\/es\/servicios-linguisticos\/interpretacion","name":"Interpretaci\u00f3n en difrenetes ocasiones - alem\u00e1n, ingl\u00e9s, espa\u00f1ol","isPartOf":{"@id":"https:\/\/inmywords.de\/#website"},"primaryImageOfPage":{"@id":"https:\/\/inmywords.de\/es\/servicios-linguisticos\/interpretacion#primaryimage"},"image":{"@id":"https:\/\/inmywords.de\/es\/servicios-linguisticos\/interpretacion#primaryimage"},"thumbnailUrl":"http:\/\/inmywords.de\/wp-content\/uploads\/2016\/01\/Dolmetscherin-in-Aktion-200x300.jpg","datePublished":"2017-07-12T14:30:26+00:00","dateModified":"2017-07-13T14:58:36+00:00","description":"Hay varias formas de interpretaci\u00f3n: interpretaci\u00f3n de conferencias, el 'Community Interpreting' (interpretaci\u00f3n para autoridades locales, distintas oficinas y en la polic\u00eda)...","breadcrumb":{"@id":"https:\/\/inmywords.de\/es\/servicios-linguisticos\/interpretacion#breadcrumb"},"inLanguage":"es","potentialAction":[{"@type":"ReadAction","target":["https:\/\/inmywords.de\/es\/servicios-linguisticos\/interpretacion"]}]},{"@type":"ImageObject","inLanguage":"es","@id":"https:\/\/inmywords.de\/es\/servicios-linguisticos\/interpretacion#primaryimage","url":"http:\/\/inmywords.de\/wp-content\/uploads\/2016\/01\/Dolmetscherin-in-Aktion-200x300.jpg","contentUrl":"http:\/\/inmywords.de\/wp-content\/uploads\/2016\/01\/Dolmetscherin-in-Aktion-200x300.jpg"},{"@type":"BreadcrumbList","@id":"https:\/\/inmywords.de\/es\/servicios-linguisticos\/interpretacion#breadcrumb","itemListElement":[{"@type":"ListItem","position":1,"name":"Home","item":"https:\/\/inmywords.de\/es"},{"@type":"ListItem","position":2,"name":"Servicios ling\u00fc\u00edsticos en Alem\u00e1n, Ingl\u00e9s y Espa\u00f1ol","item":"https:\/\/inmywords.de\/es\/servicios-linguisticos"},{"@type":"ListItem","position":3,"name":"Interpretaci\u00f3n en difrenetes ocasiones en alem\u00e1n, ingl\u00e9s y espa\u00f1ol"}]},{"@type":"WebSite","@id":"https:\/\/inmywords.de\/#website","url":"https:\/\/inmywords.de\/","name":"InMyWords","description":"Myriam Sodjinou - Dolmetscherin &amp; \u00dcbersetzerin","publisher":{"@id":"https:\/\/inmywords.de\/#organization"},"potentialAction":[{"@type":"SearchAction","target":{"@type":"EntryPoint","urlTemplate":"https:\/\/inmywords.de\/?s={search_term_string}"},"query-input":{"@type":"PropertyValueSpecification","valueRequired":true,"valueName":"search_term_string"}}],"inLanguage":"es"},{"@type":"Organization","@id":"https:\/\/inmywords.de\/#organization","name":"InMyWords - Myriam Sodjinou","url":"https:\/\/inmywords.de\/","logo":{"@type":"ImageObject","inLanguage":"es","@id":"https:\/\/inmywords.de\/#\/schema\/logo\/image\/","url":"https:\/\/inmywords.de\/wp-content\/uploads\/2016\/01\/Logo-Ausschnitt-f\u00fcr-Header.png","contentUrl":"https:\/\/inmywords.de\/wp-content\/uploads\/2016\/01\/Logo-Ausschnitt-f\u00fcr-Header.png","width":1024,"height":280,"caption":"InMyWords - Myriam Sodjinou"},"image":{"@id":"https:\/\/inmywords.de\/#\/schema\/logo\/image\/"}}]}},"_links":{"self":[{"href":"https:\/\/inmywords.de\/es\/wp-json\/wp\/v2\/pages\/625","targetHints":{"allow":["GET"]}}],"collection":[{"href":"https:\/\/inmywords.de\/es\/wp-json\/wp\/v2\/pages"}],"about":[{"href":"https:\/\/inmywords.de\/es\/wp-json\/wp\/v2\/types\/page"}],"author":[{"embeddable":true,"href":"https:\/\/inmywords.de\/es\/wp-json\/wp\/v2\/users\/1"}],"replies":[{"embeddable":true,"href":"https:\/\/inmywords.de\/es\/wp-json\/wp\/v2\/comments?post=625"}],"version-history":[{"count":6,"href":"https:\/\/inmywords.de\/es\/wp-json\/wp\/v2\/pages\/625\/revisions"}],"predecessor-version":[{"id":742,"href":"https:\/\/inmywords.de\/es\/wp-json\/wp\/v2\/pages\/625\/revisions\/742"}],"up":[{"embeddable":true,"href":"https:\/\/inmywords.de\/es\/wp-json\/wp\/v2\/pages\/605"}],"wp:attachment":[{"href":"https:\/\/inmywords.de\/es\/wp-json\/wp\/v2\/media?parent=625"}],"curies":[{"name":"wp","href":"https:\/\/api.w.org\/{rel}","templated":true}]}}