{"id":630,"date":"2017-07-12T17:14:04","date_gmt":"2017-07-12T15:14:04","guid":{"rendered":"http:\/\/inmywords.de\/contacto"},"modified":"2017-09-13T11:54:30","modified_gmt":"2017-09-13T09:54:30","slug":"contacto","status":"publish","type":"page","link":"https:\/\/inmywords.de\/es\/contacto","title":{"rendered":"Contacto"},"content":{"rendered":"[vc_row center_row=\u00bb\u00bb][vc_column 0=\u00bb\u00bb][vc_column_text 0=\u00bb\u00bb]\n<p lang=\"en-US\"><span style=\"color: #000000;\"><span style=\"font-family: Belleza;\">\u00bfEst\u00e1 usted planeando un evento para el que necesita a un int\u00e9rprete o un equipo de int\u00e9rpretes?<\/span><\/span><\/p>\n<p lang=\"en-US\"><span style=\"color: #000000;\"><span style=\"font-family: Belleza;\">\u00bfC\u00f3mo funciona lo del material para la interpretaci\u00f3n? Hay que encargarlo tambi\u00e9n o hay que tener todo en casa?<\/span><\/span><\/p>\n<p lang=\"en-US\"><span style=\"color: #000000;\"><span style=\"font-family: Belleza;\">\u00bfQuiere usted una traducci\u00f3n de su p\u00e1gina web, un manual, una presentaci\u00f3n o cualquier otra cosa?<\/span><\/span><\/p>\n<p lang=\"en-US\"><span style=\"color: #000000;\"><span style=\"font-family: Belleza;\">\u00bfEst\u00e1 usted interesado en clases de idiomas, gu\u00eda tur\u00edstica o subtitulaci\u00f3n de pel\u00edculas o v\u00eddeos?<\/span><\/span><\/p>\n<p><span style=\"font-family: Belleza;\"><span style=\"color: #000000;\"><span lang=\"en-US\">\u00a1Yo le responder\u00e9 todas sus preguntas! <\/span><\/span><span style=\"color: #000000;\"><span lang=\"es-ES\">Conmigo, su proyecto est\u00e1 en buenas manos. <\/span><\/span><\/span><\/p>\n<p lang=\"en-US\"><span style=\"color: #000000;\"><span style=\"font-family: Belleza;\">Llam\u00e9me por tel\u00e9fono, rellene el formulario de contacto o escr\u00edbame un correo electr\u00f3nico o simplemente diga \u201cHola\u201d.<\/span><\/span><\/p>\n<p lang=\"en-US\"><span style=\"color: #000000;\"><span style=\"font-family: Belleza;\">Yo le asesoro y le hago una oferta adecuada. <\/span><\/span><\/p>\n<p lang=\"en-US\">\n[\/vc_column_text][\/vc_column][\/vc_row][vc_row center_row=\u00bb\u00bb][vc_column width=\u00bb2\/3&#8243;]<h2 class=\"vcex-heading vcex-module wpex-text-2xl wpex-font-normal wpex-m-auto wpex-max-w-100 vcex-heading-plain wpex-block\" style=\"color:#5f021f;\"><span class=\"vcex-heading-inner wpex-inline-block wpex-clr\">Formulario de Contacto<\/span><\/h2>\n<div class=\"wpcf7 no-js\" id=\"wpcf7-f6-o1\" lang=\"de-DE\" dir=\"ltr\" data-wpcf7-id=\"6\">\n<div class=\"screen-reader-response\"><p role=\"status\" aria-live=\"polite\" aria-atomic=\"true\"><\/p> <ul><\/ul><\/div>\n<form action=\"\/es\/wp-json\/wp\/v2\/pages\/630#wpcf7-f6-o1\" method=\"post\" class=\"wpcf7-form init\" aria-label=\"Kontaktformular\" novalidate=\"novalidate\" data-status=\"init\">\n<fieldset class=\"hidden-fields-container\"><input type=\"hidden\" name=\"_wpcf7\" value=\"6\" \/><input type=\"hidden\" name=\"_wpcf7_version\" value=\"6.1.6\" \/><input type=\"hidden\" name=\"_wpcf7_locale\" value=\"de_DE\" \/><input type=\"hidden\" name=\"_wpcf7_unit_tag\" value=\"wpcf7-f6-o1\" \/><input type=\"hidden\" name=\"_wpcf7_container_post\" value=\"0\" \/><input type=\"hidden\" name=\"_wpcf7_posted_data_hash\" value=\"\" \/>\n<\/fieldset>\n<p>Ihr Name (Pflichtfeld)\n<\/p>\n<p><span class=\"wpcf7-form-control-wrap\" data-name=\"your-name\"><input size=\"40\" maxlength=\"400\" class=\"wpcf7-form-control wpcf7-text wpcf7-validates-as-required\" aria-required=\"true\" aria-invalid=\"false\" value=\"\" type=\"text\" name=\"your-name\" \/><\/span>\n<\/p>\n<p>Ihre E-Mail-Adresse (Pflichtfeld)\n<\/p>\n<p><span class=\"wpcf7-form-control-wrap\" data-name=\"your-email\"><input size=\"40\" maxlength=\"400\" class=\"wpcf7-form-control wpcf7-email wpcf7-validates-as-required wpcf7-text wpcf7-validates-as-email\" aria-required=\"true\" aria-invalid=\"false\" value=\"\" type=\"email\" name=\"your-email\" \/><\/span>\n<\/p>\n<p>Ihre Nachricht\n<\/p>\n<p><span class=\"wpcf7-form-control-wrap\" data-name=\"your-message\"><textarea cols=\"40\" rows=\"10\" maxlength=\"2000\" class=\"wpcf7-form-control wpcf7-textarea\" aria-invalid=\"false\" name=\"your-message\"><\/textarea><\/span>\n<\/p>\n<p><input class=\"wpcf7-form-control wpcf7-submit has-spinner\" type=\"submit\" value=\"Senden\" \/>\n<\/p>\n<p><span class=\"wpcf7-form-control-wrap\" data-name=\"quiz-775\"><label><span class=\"wpcf7-quiz-label\">Welche Sprache spricht man in England?<\/span> <input size=\"40\" class=\"wpcf7-form-control wpcf7-quiz\" autocomplete=\"off\" aria-required=\"true\" aria-invalid=\"false\" type=\"text\" name=\"quiz-775\" \/><\/label><input type=\"hidden\" name=\"_wpcf7_quiz_answer_quiz-775\" value=\"e036ccdb0b311ce1bac312b12637a2aa\" \/><\/span>\n<\/p>\n<p><span class=\"wpcf7-form-control-wrap\" data-name=\"acceptance-617\"><span class=\"wpcf7-form-control wpcf7-acceptance\"><span class=\"wpcf7-list-item\"><label><input type=\"checkbox\" name=\"acceptance-617\" value=\"1\" aria-invalid=\"false\" \/><span class=\"wpcf7-list-item-label\">Ich bin ein Mensch<\/span><\/label><\/span><\/span><\/span>\n<\/p><p style=\"display: none !important;\" class=\"akismet-fields-container\" data-prefix=\"_wpcf7_ak_\"><label>&#916;<textarea name=\"_wpcf7_ak_hp_textarea\" cols=\"45\" rows=\"8\" maxlength=\"100\"><\/textarea><\/label><input type=\"hidden\" id=\"ak_js_1\" name=\"_wpcf7_ak_js\" value=\"179\"\/><script>\ndocument.getElementById( \"ak_js_1\" ).setAttribute( \"value\", ( new Date() ).getTime() );\n<\/script>\n<\/p><div class=\"wpcf7-response-output\" aria-hidden=\"true\"><\/div>\n<\/form>\n<\/div>\n[\/vc_column][vc_column width=\u00bb1\/3&#8243;]<h2 class=\"vcex-heading vcex-module wpex-text-2xl wpex-font-normal wpex-m-auto wpex-max-w-100 vcex-heading-plain wpex-block\" style=\"color:#5f021f;\"><span class=\"vcex-heading-inner wpex-inline-block wpex-clr\">P\u00f3ngase en Contacto<\/span><\/h2>[vc_column_text css=\u00bb.vc_custom_1505296394308{border-radius: 10px !important;}\u00bb]Email:\u00a0\u00a0\u00a0\u00a0\u00a0\u00a0\u00a0 \u00a0 myriam(at)inmywords.de<br \/>\nTel\u00e9fono: \u00a0\u00a0\u00a0 (+49) 176 &#8211; 498 408 45[\/vc_column_text]<div class=\"vcex-module vcex-teaser\"><div class=\"vcex-teaser-content clr\"><div class=\"vcex-teaser-text wpex-mt-10 wpex-last-mb-0 wpex-clr\"><p><a href=\"http:\/\/inmywords.de\/wp-content\/uploads\/2017\/08\/bdue_logo_mitglied_vkd_de_co_neg_rgb.png\"><img loading=\"lazy\" decoding=\"async\" class=\"alignleft wp-image-759 size-medium\" src=\"http:\/\/inmywords.de\/wp-content\/uploads\/2017\/08\/bdue_logo_mitglied_vkd_de_co_neg_rgb-300x152.png\" alt=\"Mitglied im BD\u00dc und VKD\" width=\"300\" height=\"152\" srcset=\"https:\/\/inmywords.de\/wp-content\/uploads\/2017\/08\/bdue_logo_mitglied_vkd_de_co_neg_rgb-300x152.png 300w, https:\/\/inmywords.de\/wp-content\/uploads\/2017\/08\/bdue_logo_mitglied_vkd_de_co_neg_rgb-768x390.png 768w, https:\/\/inmywords.de\/wp-content\/uploads\/2017\/08\/bdue_logo_mitglied_vkd_de_co_neg_rgb.png 788w\" sizes=\"auto, (max-width: 300px) 100vw, 300px\" \/><\/a><\/p>\n<\/div><\/div><\/div>[\/vc_column][\/vc_row]\n","protected":false},"excerpt":{"rendered":"<p>[vc_row center_row=\u00bb\u00bb][vc_column 0=\u00bb\u00bb][vc_column_text 0=\u00bb\u00bb] \u00bfEst\u00e1 usted planeando un evento para el que necesita a un int\u00e9rprete o un equipo de int\u00e9rpretes? \u00bfC\u00f3mo funciona lo del material para la interpretaci\u00f3n? Hay que encargarlo tambi\u00e9n o hay que tener todo en casa?&hellip;<\/p>\n","protected":false},"author":1,"featured_media":0,"parent":0,"menu_order":0,"comment_status":"open","ping_status":"open","template":"","meta":{"_monsterinsights_skip_tracking":false,"_monsterinsights_sitenote_active":false,"_monsterinsights_sitenote_note":"","_monsterinsights_sitenote_category":0,"footnotes":""},"class_list":["post-630","page","type-page","status-publish","hentry","entry","no-media"],"yoast_head":"<!-- This site is optimized with the Yoast SEO plugin v27.6 - https:\/\/yoast.com\/product\/yoast-seo-wordpress\/ -->\n<title>Contacto - InMyWords<\/title>\n<meta name=\"robots\" content=\"index, follow, max-snippet:-1, max-image-preview:large, max-video-preview:-1\" \/>\n<link rel=\"canonical\" href=\"https:\/\/inmywords.de\/es\/contacto\" \/>\n<meta property=\"og:locale\" content=\"es_ES\" \/>\n<meta property=\"og:type\" content=\"article\" \/>\n<meta property=\"og:title\" content=\"Contacto - InMyWords\" \/>\n<meta property=\"og:description\" content=\"[vc_row center_row=\u00bb\u00bb][vc_column 0=\u00bb\u00bb][vc_column_text 0=\u00bb\u00bb] \u00bfEst\u00e1 usted planeando un evento para el que necesita a un int\u00e9rprete o un equipo de int\u00e9rpretes? \u00bfC\u00f3mo funciona lo del material para la interpretaci\u00f3n? Hay que encargarlo tambi\u00e9n o hay que tener todo en casa?&hellip;\" \/>\n<meta property=\"og:url\" content=\"https:\/\/inmywords.de\/es\/contacto\" \/>\n<meta property=\"og:site_name\" content=\"InMyWords\" \/>\n<meta property=\"article:modified_time\" content=\"2017-09-13T09:54:30+00:00\" \/>\n<meta property=\"og:image\" content=\"http:\/\/inmywords.de\/wp-content\/uploads\/2017\/08\/bdue_logo_mitglied_vkd_de_co_neg_rgb-300x152.png\" \/>\n<meta name=\"twitter:card\" content=\"summary_large_image\" \/>\n<meta name=\"twitter:label1\" content=\"Tiempo de lectura\" \/>\n\t<meta name=\"twitter:data1\" content=\"1 minuto\" \/>\n<script type=\"application\/ld+json\" class=\"yoast-schema-graph\">{\"@context\":\"https:\\\/\\\/schema.org\",\"@graph\":[{\"@type\":\"WebPage\",\"@id\":\"https:\\\/\\\/inmywords.de\\\/es\\\/contacto\",\"url\":\"https:\\\/\\\/inmywords.de\\\/es\\\/contacto\",\"name\":\"Contacto - InMyWords\",\"isPartOf\":{\"@id\":\"https:\\\/\\\/inmywords.de\\\/#website\"},\"primaryImageOfPage\":{\"@id\":\"https:\\\/\\\/inmywords.de\\\/es\\\/contacto#primaryimage\"},\"image\":{\"@id\":\"https:\\\/\\\/inmywords.de\\\/es\\\/contacto#primaryimage\"},\"thumbnailUrl\":\"http:\\\/\\\/inmywords.de\\\/wp-content\\\/uploads\\\/2017\\\/08\\\/bdue_logo_mitglied_vkd_de_co_neg_rgb-300x152.png\",\"datePublished\":\"2017-07-12T15:14:04+00:00\",\"dateModified\":\"2017-09-13T09:54:30+00:00\",\"breadcrumb\":{\"@id\":\"https:\\\/\\\/inmywords.de\\\/es\\\/contacto#breadcrumb\"},\"inLanguage\":\"es\",\"potentialAction\":[{\"@type\":\"ReadAction\",\"target\":[\"https:\\\/\\\/inmywords.de\\\/es\\\/contacto\"]}]},{\"@type\":\"ImageObject\",\"inLanguage\":\"es\",\"@id\":\"https:\\\/\\\/inmywords.de\\\/es\\\/contacto#primaryimage\",\"url\":\"http:\\\/\\\/inmywords.de\\\/wp-content\\\/uploads\\\/2017\\\/08\\\/bdue_logo_mitglied_vkd_de_co_neg_rgb-300x152.png\",\"contentUrl\":\"http:\\\/\\\/inmywords.de\\\/wp-content\\\/uploads\\\/2017\\\/08\\\/bdue_logo_mitglied_vkd_de_co_neg_rgb-300x152.png\"},{\"@type\":\"BreadcrumbList\",\"@id\":\"https:\\\/\\\/inmywords.de\\\/es\\\/contacto#breadcrumb\",\"itemListElement\":[{\"@type\":\"ListItem\",\"position\":1,\"name\":\"Home\",\"item\":\"https:\\\/\\\/inmywords.de\\\/es\"},{\"@type\":\"ListItem\",\"position\":2,\"name\":\"Contacto\"}]},{\"@type\":\"WebSite\",\"@id\":\"https:\\\/\\\/inmywords.de\\\/#website\",\"url\":\"https:\\\/\\\/inmywords.de\\\/\",\"name\":\"InMyWords\",\"description\":\"Myriam Sodjinou - Dolmetscherin &amp; \u00dcbersetzerin\",\"publisher\":{\"@id\":\"https:\\\/\\\/inmywords.de\\\/#organization\"},\"potentialAction\":[{\"@type\":\"SearchAction\",\"target\":{\"@type\":\"EntryPoint\",\"urlTemplate\":\"https:\\\/\\\/inmywords.de\\\/?s={search_term_string}\"},\"query-input\":{\"@type\":\"PropertyValueSpecification\",\"valueRequired\":true,\"valueName\":\"search_term_string\"}}],\"inLanguage\":\"es\"},{\"@type\":\"Organization\",\"@id\":\"https:\\\/\\\/inmywords.de\\\/#organization\",\"name\":\"InMyWords - Myriam Sodjinou\",\"url\":\"https:\\\/\\\/inmywords.de\\\/\",\"logo\":{\"@type\":\"ImageObject\",\"inLanguage\":\"es\",\"@id\":\"https:\\\/\\\/inmywords.de\\\/#\\\/schema\\\/logo\\\/image\\\/\",\"url\":\"https:\\\/\\\/inmywords.de\\\/wp-content\\\/uploads\\\/2016\\\/01\\\/Logo-Ausschnitt-f\u00fcr-Header.png\",\"contentUrl\":\"https:\\\/\\\/inmywords.de\\\/wp-content\\\/uploads\\\/2016\\\/01\\\/Logo-Ausschnitt-f\u00fcr-Header.png\",\"width\":1024,\"height\":280,\"caption\":\"InMyWords - Myriam Sodjinou\"},\"image\":{\"@id\":\"https:\\\/\\\/inmywords.de\\\/#\\\/schema\\\/logo\\\/image\\\/\"}}]}<\/script>\n<!-- \/ Yoast SEO plugin. -->","yoast_head_json":{"title":"Contacto - InMyWords","robots":{"index":"index","follow":"follow","max-snippet":"max-snippet:-1","max-image-preview":"max-image-preview:large","max-video-preview":"max-video-preview:-1"},"canonical":"https:\/\/inmywords.de\/es\/contacto","og_locale":"es_ES","og_type":"article","og_title":"Contacto - InMyWords","og_description":"[vc_row center_row=\u00bb\u00bb][vc_column 0=\u00bb\u00bb][vc_column_text 0=\u00bb\u00bb] \u00bfEst\u00e1 usted planeando un evento para el que necesita a un int\u00e9rprete o un equipo de int\u00e9rpretes? \u00bfC\u00f3mo funciona lo del material para la interpretaci\u00f3n? Hay que encargarlo tambi\u00e9n o hay que tener todo en casa?&hellip;","og_url":"https:\/\/inmywords.de\/es\/contacto","og_site_name":"InMyWords","article_modified_time":"2017-09-13T09:54:30+00:00","og_image":[{"url":"http:\/\/inmywords.de\/wp-content\/uploads\/2017\/08\/bdue_logo_mitglied_vkd_de_co_neg_rgb-300x152.png","type":"","width":"","height":""}],"twitter_card":"summary_large_image","twitter_misc":{"Tiempo de lectura":"1 minuto"},"schema":{"@context":"https:\/\/schema.org","@graph":[{"@type":"WebPage","@id":"https:\/\/inmywords.de\/es\/contacto","url":"https:\/\/inmywords.de\/es\/contacto","name":"Contacto - InMyWords","isPartOf":{"@id":"https:\/\/inmywords.de\/#website"},"primaryImageOfPage":{"@id":"https:\/\/inmywords.de\/es\/contacto#primaryimage"},"image":{"@id":"https:\/\/inmywords.de\/es\/contacto#primaryimage"},"thumbnailUrl":"http:\/\/inmywords.de\/wp-content\/uploads\/2017\/08\/bdue_logo_mitglied_vkd_de_co_neg_rgb-300x152.png","datePublished":"2017-07-12T15:14:04+00:00","dateModified":"2017-09-13T09:54:30+00:00","breadcrumb":{"@id":"https:\/\/inmywords.de\/es\/contacto#breadcrumb"},"inLanguage":"es","potentialAction":[{"@type":"ReadAction","target":["https:\/\/inmywords.de\/es\/contacto"]}]},{"@type":"ImageObject","inLanguage":"es","@id":"https:\/\/inmywords.de\/es\/contacto#primaryimage","url":"http:\/\/inmywords.de\/wp-content\/uploads\/2017\/08\/bdue_logo_mitglied_vkd_de_co_neg_rgb-300x152.png","contentUrl":"http:\/\/inmywords.de\/wp-content\/uploads\/2017\/08\/bdue_logo_mitglied_vkd_de_co_neg_rgb-300x152.png"},{"@type":"BreadcrumbList","@id":"https:\/\/inmywords.de\/es\/contacto#breadcrumb","itemListElement":[{"@type":"ListItem","position":1,"name":"Home","item":"https:\/\/inmywords.de\/es"},{"@type":"ListItem","position":2,"name":"Contacto"}]},{"@type":"WebSite","@id":"https:\/\/inmywords.de\/#website","url":"https:\/\/inmywords.de\/","name":"InMyWords","description":"Myriam Sodjinou - Dolmetscherin &amp; \u00dcbersetzerin","publisher":{"@id":"https:\/\/inmywords.de\/#organization"},"potentialAction":[{"@type":"SearchAction","target":{"@type":"EntryPoint","urlTemplate":"https:\/\/inmywords.de\/?s={search_term_string}"},"query-input":{"@type":"PropertyValueSpecification","valueRequired":true,"valueName":"search_term_string"}}],"inLanguage":"es"},{"@type":"Organization","@id":"https:\/\/inmywords.de\/#organization","name":"InMyWords - Myriam Sodjinou","url":"https:\/\/inmywords.de\/","logo":{"@type":"ImageObject","inLanguage":"es","@id":"https:\/\/inmywords.de\/#\/schema\/logo\/image\/","url":"https:\/\/inmywords.de\/wp-content\/uploads\/2016\/01\/Logo-Ausschnitt-f\u00fcr-Header.png","contentUrl":"https:\/\/inmywords.de\/wp-content\/uploads\/2016\/01\/Logo-Ausschnitt-f\u00fcr-Header.png","width":1024,"height":280,"caption":"InMyWords - Myriam Sodjinou"},"image":{"@id":"https:\/\/inmywords.de\/#\/schema\/logo\/image\/"}}]}},"_links":{"self":[{"href":"https:\/\/inmywords.de\/es\/wp-json\/wp\/v2\/pages\/630","targetHints":{"allow":["GET"]}}],"collection":[{"href":"https:\/\/inmywords.de\/es\/wp-json\/wp\/v2\/pages"}],"about":[{"href":"https:\/\/inmywords.de\/es\/wp-json\/wp\/v2\/types\/page"}],"author":[{"embeddable":true,"href":"https:\/\/inmywords.de\/es\/wp-json\/wp\/v2\/users\/1"}],"replies":[{"embeddable":true,"href":"https:\/\/inmywords.de\/es\/wp-json\/wp\/v2\/comments?post=630"}],"version-history":[{"count":19,"href":"https:\/\/inmywords.de\/es\/wp-json\/wp\/v2\/pages\/630\/revisions"}],"predecessor-version":[{"id":933,"href":"https:\/\/inmywords.de\/es\/wp-json\/wp\/v2\/pages\/630\/revisions\/933"}],"wp:attachment":[{"href":"https:\/\/inmywords.de\/es\/wp-json\/wp\/v2\/media?parent=630"}],"curies":[{"name":"wp","href":"https:\/\/api.w.org\/{rel}","templated":true}]}}